{"id":12007,"date":"2018-12-05T07:15:51","date_gmt":"2018-12-05T07:15:51","guid":{"rendered":"http:\/\/localhost:8888\/chwb\/programs\/heritage-space\/"},"modified":"2025-10-28T08:17:53","modified_gmt":"2025-10-28T08:17:53","slug":"heritage-space","status":"publish","type":"page","link":"https:\/\/chwbkosova.org\/sq\/heritage-space\/","title":{"rendered":"Heritage Space"},"content":{"rendered":"<p>Heritage Space ofron hap\u00ebsir\u00eb p\u00ebr artist\u00eb dhe profesionist\u00eb t\u00eb cil\u00ebt veprojn\u00eb n\u00eb fush\u00ebn e kultur\u00ebs, industris\u00eb kreative dhe shkencave humanistike digjitale, p\u00ebr t\u00eb punuar n\u00eb ruajtjen e trash\u00ebgimis\u00eb kulturore n\u00ebp\u00ebrmjet hulumtimit, dokumentimit dhe interpretimit.<\/p>\n","protected":false},"excerpt":{"rendered":"<p>Heritage Space ofron hap\u00ebsir\u00eb p\u00ebr artist\u00eb dhe profesionist\u00eb t\u00eb cil\u00ebt veprojn\u00eb n\u00eb fush\u00ebn e kultur\u00ebs, industris\u00eb kreative dhe shkencave humanistike digjitale, p\u00ebr t\u00eb punuar n\u00eb ruajtjen e trash\u00ebgimis\u00eb kulturore n\u00ebp\u00ebrmjet hulumtimit, dokumentimit dhe interpretimit.<\/p>\n","protected":false},"author":6,"featured_media":12128,"parent":0,"menu_order":1,"comment_status":"closed","ping_status":"closed","template":"","meta":{"_acf_changed":false,"footnotes":""},"class_list":["post-12007","page","type-page","status-publish","has-post-thumbnail","hentry"],"acf":[],"yoast_head":"<!-- This site is optimized with the Yoast SEO plugin v27.4 - https:\/\/yoast.com\/product\/yoast-seo-wordpress\/ -->\n<title>Heritage Space -<\/title>\n<meta name=\"robots\" content=\"index, follow, max-snippet:-1, max-image-preview:large, max-video-preview:-1\" \/>\n<link rel=\"canonical\" href=\"https:\/\/chwbkosova.org\/sq\/heritage-space\/\" \/>\n<meta property=\"og:locale\" content=\"sq_AL\" \/>\n<meta property=\"og:type\" content=\"article\" \/>\n<meta property=\"og:title\" content=\"Heritage Space -\" \/>\n<meta property=\"og:description\" content=\"Heritage Space ofron hap\u00ebsir\u00eb p\u00ebr artist\u00eb dhe profesionist\u00eb t\u00eb cil\u00ebt veprojn\u00eb n\u00eb fush\u00ebn e kultur\u00ebs, industris\u00eb kreative dhe shkencave humanistike digjitale, p\u00ebr t\u00eb punuar n\u00eb ruajtjen e trash\u00ebgimis\u00eb kulturore n\u00ebp\u00ebrmjet hulumtimit, dokumentimit dhe interpretimit.\" \/>\n<meta property=\"og:url\" content=\"https:\/\/chwbkosova.org\/sq\/heritage-space\/\" \/>\n<meta property=\"article:modified_time\" content=\"2025-10-28T08:17:53+00:00\" \/>\n<meta property=\"og:image\" content=\"https:\/\/chwbkosova.org\/wp-content\/uploads\/2018\/12\/Web_Home2-1.jpg\" \/>\n\t<meta property=\"og:image:width\" content=\"2048\" \/>\n\t<meta property=\"og:image:height\" content=\"1360\" \/>\n\t<meta property=\"og:image:type\" content=\"image\/jpeg\" \/>\n<meta name=\"twitter:card\" content=\"summary_large_image\" \/>\n<script type=\"application\/ld+json\" class=\"yoast-schema-graph\">{\"@context\":\"https:\\\/\\\/schema.org\",\"@graph\":[{\"@type\":\"WebPage\",\"@id\":\"https:\\\/\\\/chwbkosova.org\\\/sq\\\/heritage-space\\\/\",\"url\":\"https:\\\/\\\/chwbkosova.org\\\/sq\\\/heritage-space\\\/\",\"name\":\"Heritage Space -\",\"isPartOf\":{\"@id\":\"https:\\\/\\\/chwbkosova.org\\\/#website\"},\"primaryImageOfPage\":{\"@id\":\"https:\\\/\\\/chwbkosova.org\\\/sq\\\/heritage-space\\\/#primaryimage\"},\"image\":{\"@id\":\"https:\\\/\\\/chwbkosova.org\\\/sq\\\/heritage-space\\\/#primaryimage\"},\"thumbnailUrl\":\"https:\\\/\\\/chwbkosova.org\\\/wp-content\\\/uploads\\\/2018\\\/12\\\/Web_Home2-1.jpg\",\"datePublished\":\"2018-12-05T07:15:51+00:00\",\"dateModified\":\"2025-10-28T08:17:53+00:00\",\"breadcrumb\":{\"@id\":\"https:\\\/\\\/chwbkosova.org\\\/sq\\\/heritage-space\\\/#breadcrumb\"},\"inLanguage\":\"sq-AL\",\"potentialAction\":[{\"@type\":\"ReadAction\",\"target\":[\"https:\\\/\\\/chwbkosova.org\\\/sq\\\/heritage-space\\\/\"]}]},{\"@type\":\"ImageObject\",\"inLanguage\":\"sq-AL\",\"@id\":\"https:\\\/\\\/chwbkosova.org\\\/sq\\\/heritage-space\\\/#primaryimage\",\"url\":\"https:\\\/\\\/chwbkosova.org\\\/wp-content\\\/uploads\\\/2018\\\/12\\\/Web_Home2-1.jpg\",\"contentUrl\":\"https:\\\/\\\/chwbkosova.org\\\/wp-content\\\/uploads\\\/2018\\\/12\\\/Web_Home2-1.jpg\",\"width\":2048,\"height\":1360},{\"@type\":\"BreadcrumbList\",\"@id\":\"https:\\\/\\\/chwbkosova.org\\\/sq\\\/heritage-space\\\/#breadcrumb\",\"itemListElement\":[{\"@type\":\"ListItem\",\"position\":1,\"name\":\"Home\",\"item\":\"https:\\\/\\\/chwbkosova.org\\\/sq\\\/ballina-2\\\/\"},{\"@type\":\"ListItem\",\"position\":2,\"name\":\"Heritage Space\"}]},{\"@type\":\"WebSite\",\"@id\":\"https:\\\/\\\/chwbkosova.org\\\/#website\",\"url\":\"https:\\\/\\\/chwbkosova.org\\\/\",\"name\":\"CHWB Kosova\",\"description\":\"CHWB Kosova\",\"publisher\":{\"@id\":\"https:\\\/\\\/chwbkosova.org\\\/#organization\"},\"potentialAction\":[{\"@type\":\"SearchAction\",\"target\":{\"@type\":\"EntryPoint\",\"urlTemplate\":\"https:\\\/\\\/chwbkosova.org\\\/?s={search_term_string}\"},\"query-input\":{\"@type\":\"PropertyValueSpecification\",\"valueRequired\":true,\"valueName\":\"search_term_string\"}}],\"inLanguage\":\"sq-AL\"},{\"@type\":\"Organization\",\"@id\":\"https:\\\/\\\/chwbkosova.org\\\/#organization\",\"name\":\"CHWB Kosova\",\"url\":\"https:\\\/\\\/chwbkosova.org\\\/\",\"logo\":{\"@type\":\"ImageObject\",\"inLanguage\":\"sq-AL\",\"@id\":\"https:\\\/\\\/chwbkosova.org\\\/#\\\/schema\\\/logo\\\/image\\\/\",\"url\":\"https:\\\/\\\/chwbkosova.org\\\/wp-content\\\/uploads\\\/2023\\\/07\\\/cropped-logo_black.jpg\",\"contentUrl\":\"https:\\\/\\\/chwbkosova.org\\\/wp-content\\\/uploads\\\/2023\\\/07\\\/cropped-logo_black.jpg\",\"width\":512,\"height\":512,\"caption\":\"CHWB Kosova\"},\"image\":{\"@id\":\"https:\\\/\\\/chwbkosova.org\\\/#\\\/schema\\\/logo\\\/image\\\/\"}}]}<\/script>\n<!-- \/ Yoast SEO plugin. -->","yoast_head_json":{"title":"Heritage Space -","robots":{"index":"index","follow":"follow","max-snippet":"max-snippet:-1","max-image-preview":"max-image-preview:large","max-video-preview":"max-video-preview:-1"},"canonical":"https:\/\/chwbkosova.org\/sq\/heritage-space\/","og_locale":"sq_AL","og_type":"article","og_title":"Heritage Space -","og_description":"Heritage Space ofron hap\u00ebsir\u00eb p\u00ebr artist\u00eb dhe profesionist\u00eb t\u00eb cil\u00ebt veprojn\u00eb n\u00eb fush\u00ebn e kultur\u00ebs, industris\u00eb kreative dhe shkencave humanistike digjitale, p\u00ebr t\u00eb punuar n\u00eb ruajtjen e trash\u00ebgimis\u00eb kulturore n\u00ebp\u00ebrmjet hulumtimit, dokumentimit dhe interpretimit.","og_url":"https:\/\/chwbkosova.org\/sq\/heritage-space\/","article_modified_time":"2025-10-28T08:17:53+00:00","og_image":[{"width":2048,"height":1360,"url":"https:\/\/chwbkosova.org\/wp-content\/uploads\/2018\/12\/Web_Home2-1.jpg","type":"image\/jpeg"}],"twitter_card":"summary_large_image","schema":{"@context":"https:\/\/schema.org","@graph":[{"@type":"WebPage","@id":"https:\/\/chwbkosova.org\/sq\/heritage-space\/","url":"https:\/\/chwbkosova.org\/sq\/heritage-space\/","name":"Heritage Space -","isPartOf":{"@id":"https:\/\/chwbkosova.org\/#website"},"primaryImageOfPage":{"@id":"https:\/\/chwbkosova.org\/sq\/heritage-space\/#primaryimage"},"image":{"@id":"https:\/\/chwbkosova.org\/sq\/heritage-space\/#primaryimage"},"thumbnailUrl":"https:\/\/chwbkosova.org\/wp-content\/uploads\/2018\/12\/Web_Home2-1.jpg","datePublished":"2018-12-05T07:15:51+00:00","dateModified":"2025-10-28T08:17:53+00:00","breadcrumb":{"@id":"https:\/\/chwbkosova.org\/sq\/heritage-space\/#breadcrumb"},"inLanguage":"sq-AL","potentialAction":[{"@type":"ReadAction","target":["https:\/\/chwbkosova.org\/sq\/heritage-space\/"]}]},{"@type":"ImageObject","inLanguage":"sq-AL","@id":"https:\/\/chwbkosova.org\/sq\/heritage-space\/#primaryimage","url":"https:\/\/chwbkosova.org\/wp-content\/uploads\/2018\/12\/Web_Home2-1.jpg","contentUrl":"https:\/\/chwbkosova.org\/wp-content\/uploads\/2018\/12\/Web_Home2-1.jpg","width":2048,"height":1360},{"@type":"BreadcrumbList","@id":"https:\/\/chwbkosova.org\/sq\/heritage-space\/#breadcrumb","itemListElement":[{"@type":"ListItem","position":1,"name":"Home","item":"https:\/\/chwbkosova.org\/sq\/ballina-2\/"},{"@type":"ListItem","position":2,"name":"Heritage Space"}]},{"@type":"WebSite","@id":"https:\/\/chwbkosova.org\/#website","url":"https:\/\/chwbkosova.org\/","name":"CHWB Kosova","description":"CHWB Kosova","publisher":{"@id":"https:\/\/chwbkosova.org\/#organization"},"potentialAction":[{"@type":"SearchAction","target":{"@type":"EntryPoint","urlTemplate":"https:\/\/chwbkosova.org\/?s={search_term_string}"},"query-input":{"@type":"PropertyValueSpecification","valueRequired":true,"valueName":"search_term_string"}}],"inLanguage":"sq-AL"},{"@type":"Organization","@id":"https:\/\/chwbkosova.org\/#organization","name":"CHWB Kosova","url":"https:\/\/chwbkosova.org\/","logo":{"@type":"ImageObject","inLanguage":"sq-AL","@id":"https:\/\/chwbkosova.org\/#\/schema\/logo\/image\/","url":"https:\/\/chwbkosova.org\/wp-content\/uploads\/2023\/07\/cropped-logo_black.jpg","contentUrl":"https:\/\/chwbkosova.org\/wp-content\/uploads\/2023\/07\/cropped-logo_black.jpg","width":512,"height":512,"caption":"CHWB Kosova"},"image":{"@id":"https:\/\/chwbkosova.org\/#\/schema\/logo\/image\/"}}]}},"_links":{"self":[{"href":"https:\/\/chwbkosova.org\/sq\/wp-json\/wp\/v2\/pages\/12007","targetHints":{"allow":["GET"]}}],"collection":[{"href":"https:\/\/chwbkosova.org\/sq\/wp-json\/wp\/v2\/pages"}],"about":[{"href":"https:\/\/chwbkosova.org\/sq\/wp-json\/wp\/v2\/types\/page"}],"author":[{"embeddable":true,"href":"https:\/\/chwbkosova.org\/sq\/wp-json\/wp\/v2\/users\/6"}],"replies":[{"embeddable":true,"href":"https:\/\/chwbkosova.org\/sq\/wp-json\/wp\/v2\/comments?post=12007"}],"version-history":[{"count":1,"href":"https:\/\/chwbkosova.org\/sq\/wp-json\/wp\/v2\/pages\/12007\/revisions"}],"predecessor-version":[{"id":14856,"href":"https:\/\/chwbkosova.org\/sq\/wp-json\/wp\/v2\/pages\/12007\/revisions\/14856"}],"wp:featuredmedia":[{"embeddable":true,"href":"https:\/\/chwbkosova.org\/sq\/wp-json\/wp\/v2\/media\/12128"}],"wp:attachment":[{"href":"https:\/\/chwbkosova.org\/sq\/wp-json\/wp\/v2\/media?parent=12007"}],"curies":[{"name":"wp","href":"https:\/\/api.w.org\/{rel}","templated":true}]}}