{"id":13401,"date":"2018-12-05T13:30:12","date_gmt":"2018-12-05T13:30:12","guid":{"rendered":"https:\/\/chwbkosova.org\/?post_type=programs&#038;p=13401"},"modified":"2025-10-28T08:18:27","modified_gmt":"2025-10-28T08:18:27","slug":"cultural-heritage-as-human-right","status":"publish","type":"page","link":"https:\/\/chwbkosova.org\/sq\/programet\/cultural-heritage-as-human-right\/","title":{"rendered":"Trash\u00ebgimia Kulturore si e drejt\u00eb njer\u00ebzore"},"content":{"rendered":"<p><span style=\"font-weight: 400;\">The program will strengthen peace building and democratic development by promoting cultural heritage as a basic human right.<\/span><\/p>\n","protected":false},"excerpt":{"rendered":"<p>The program will strengthen peace building and democratic development by promoting cultural heritage as a basic human right.<\/p>\n","protected":false},"author":6,"featured_media":12019,"parent":14836,"menu_order":2,"comment_status":"closed","ping_status":"closed","template":"","meta":{"_acf_changed":false,"footnotes":""},"class_list":["post-13401","page","type-page","status-publish","has-post-thumbnail","hentry"],"acf":[],"yoast_head":"<!-- This site is optimized with the Yoast SEO plugin v27.4 - https:\/\/yoast.com\/product\/yoast-seo-wordpress\/ -->\n<title>Trash\u00ebgimia Kulturore si e drejt\u00eb njer\u00ebzore -<\/title>\n<meta name=\"robots\" content=\"index, follow, max-snippet:-1, max-image-preview:large, max-video-preview:-1\" \/>\n<link rel=\"canonical\" href=\"https:\/\/chwbkosova.org\/sq\/programet\/cultural-heritage-as-human-right\/\" \/>\n<meta property=\"og:locale\" content=\"sq_AL\" \/>\n<meta property=\"og:type\" content=\"article\" \/>\n<meta property=\"og:title\" content=\"Trash\u00ebgimia Kulturore si e drejt\u00eb njer\u00ebzore -\" \/>\n<meta property=\"og:description\" content=\"The program will strengthen peace building and democratic development by promoting cultural heritage as a basic human right.\" \/>\n<meta property=\"og:url\" content=\"https:\/\/chwbkosova.org\/sq\/programet\/cultural-heritage-as-human-right\/\" \/>\n<meta property=\"article:modified_time\" content=\"2025-10-28T08:18:27+00:00\" \/>\n<meta property=\"og:image\" content=\"https:\/\/chwbkosova.org\/wp-content\/uploads\/2018\/12\/21753367_1629873947044431_3265362741433976009_o.jpg\" \/>\n\t<meta property=\"og:image:width\" content=\"2048\" \/>\n\t<meta property=\"og:image:height\" content=\"1149\" \/>\n\t<meta property=\"og:image:type\" content=\"image\/jpeg\" \/>\n<meta name=\"twitter:card\" content=\"summary_large_image\" \/>\n<script type=\"application\/ld+json\" class=\"yoast-schema-graph\">{\"@context\":\"https:\\\/\\\/schema.org\",\"@graph\":[{\"@type\":\"WebPage\",\"@id\":\"https:\\\/\\\/chwbkosova.org\\\/sq\\\/programet\\\/cultural-heritage-as-human-right\\\/\",\"url\":\"https:\\\/\\\/chwbkosova.org\\\/sq\\\/programet\\\/cultural-heritage-as-human-right\\\/\",\"name\":\"Trash\u00ebgimia Kulturore si e drejt\u00eb njer\u00ebzore -\",\"isPartOf\":{\"@id\":\"https:\\\/\\\/chwbkosova.org\\\/#website\"},\"primaryImageOfPage\":{\"@id\":\"https:\\\/\\\/chwbkosova.org\\\/sq\\\/programet\\\/cultural-heritage-as-human-right\\\/#primaryimage\"},\"image\":{\"@id\":\"https:\\\/\\\/chwbkosova.org\\\/sq\\\/programet\\\/cultural-heritage-as-human-right\\\/#primaryimage\"},\"thumbnailUrl\":\"https:\\\/\\\/chwbkosova.org\\\/wp-content\\\/uploads\\\/2018\\\/12\\\/21753367_1629873947044431_3265362741433976009_o.jpg\",\"datePublished\":\"2018-12-05T13:30:12+00:00\",\"dateModified\":\"2025-10-28T08:18:27+00:00\",\"breadcrumb\":{\"@id\":\"https:\\\/\\\/chwbkosova.org\\\/sq\\\/programet\\\/cultural-heritage-as-human-right\\\/#breadcrumb\"},\"inLanguage\":\"sq-AL\",\"potentialAction\":[{\"@type\":\"ReadAction\",\"target\":[\"https:\\\/\\\/chwbkosova.org\\\/sq\\\/programet\\\/cultural-heritage-as-human-right\\\/\"]}]},{\"@type\":\"ImageObject\",\"inLanguage\":\"sq-AL\",\"@id\":\"https:\\\/\\\/chwbkosova.org\\\/sq\\\/programet\\\/cultural-heritage-as-human-right\\\/#primaryimage\",\"url\":\"https:\\\/\\\/chwbkosova.org\\\/wp-content\\\/uploads\\\/2018\\\/12\\\/21753367_1629873947044431_3265362741433976009_o.jpg\",\"contentUrl\":\"https:\\\/\\\/chwbkosova.org\\\/wp-content\\\/uploads\\\/2018\\\/12\\\/21753367_1629873947044431_3265362741433976009_o.jpg\",\"width\":2048,\"height\":1149},{\"@type\":\"BreadcrumbList\",\"@id\":\"https:\\\/\\\/chwbkosova.org\\\/sq\\\/programet\\\/cultural-heritage-as-human-right\\\/#breadcrumb\",\"itemListElement\":[{\"@type\":\"ListItem\",\"position\":1,\"name\":\"Home\",\"item\":\"https:\\\/\\\/chwbkosova.org\\\/sq\\\/ballina-2\\\/\"},{\"@type\":\"ListItem\",\"position\":2,\"name\":\"Programet\",\"item\":\"https:\\\/\\\/chwbkosova.org\\\/sq\\\/programet\\\/\"},{\"@type\":\"ListItem\",\"position\":3,\"name\":\"Trash\u00ebgimia Kulturore si e drejt\u00eb njer\u00ebzore\"}]},{\"@type\":\"WebSite\",\"@id\":\"https:\\\/\\\/chwbkosova.org\\\/#website\",\"url\":\"https:\\\/\\\/chwbkosova.org\\\/\",\"name\":\"CHWB Kosova\",\"description\":\"CHWB Kosova\",\"publisher\":{\"@id\":\"https:\\\/\\\/chwbkosova.org\\\/#organization\"},\"potentialAction\":[{\"@type\":\"SearchAction\",\"target\":{\"@type\":\"EntryPoint\",\"urlTemplate\":\"https:\\\/\\\/chwbkosova.org\\\/?s={search_term_string}\"},\"query-input\":{\"@type\":\"PropertyValueSpecification\",\"valueRequired\":true,\"valueName\":\"search_term_string\"}}],\"inLanguage\":\"sq-AL\"},{\"@type\":\"Organization\",\"@id\":\"https:\\\/\\\/chwbkosova.org\\\/#organization\",\"name\":\"CHWB Kosova\",\"url\":\"https:\\\/\\\/chwbkosova.org\\\/\",\"logo\":{\"@type\":\"ImageObject\",\"inLanguage\":\"sq-AL\",\"@id\":\"https:\\\/\\\/chwbkosova.org\\\/#\\\/schema\\\/logo\\\/image\\\/\",\"url\":\"https:\\\/\\\/chwbkosova.org\\\/wp-content\\\/uploads\\\/2023\\\/07\\\/cropped-logo_black.jpg\",\"contentUrl\":\"https:\\\/\\\/chwbkosova.org\\\/wp-content\\\/uploads\\\/2023\\\/07\\\/cropped-logo_black.jpg\",\"width\":512,\"height\":512,\"caption\":\"CHWB Kosova\"},\"image\":{\"@id\":\"https:\\\/\\\/chwbkosova.org\\\/#\\\/schema\\\/logo\\\/image\\\/\"}}]}<\/script>\n<!-- \/ Yoast SEO plugin. -->","yoast_head_json":{"title":"Trash\u00ebgimia Kulturore si e drejt\u00eb njer\u00ebzore -","robots":{"index":"index","follow":"follow","max-snippet":"max-snippet:-1","max-image-preview":"max-image-preview:large","max-video-preview":"max-video-preview:-1"},"canonical":"https:\/\/chwbkosova.org\/sq\/programet\/cultural-heritage-as-human-right\/","og_locale":"sq_AL","og_type":"article","og_title":"Trash\u00ebgimia Kulturore si e drejt\u00eb njer\u00ebzore -","og_description":"The program will strengthen peace building and democratic development by promoting cultural heritage as a basic human right.","og_url":"https:\/\/chwbkosova.org\/sq\/programet\/cultural-heritage-as-human-right\/","article_modified_time":"2025-10-28T08:18:27+00:00","og_image":[{"width":2048,"height":1149,"url":"https:\/\/chwbkosova.org\/wp-content\/uploads\/2018\/12\/21753367_1629873947044431_3265362741433976009_o.jpg","type":"image\/jpeg"}],"twitter_card":"summary_large_image","schema":{"@context":"https:\/\/schema.org","@graph":[{"@type":"WebPage","@id":"https:\/\/chwbkosova.org\/sq\/programet\/cultural-heritage-as-human-right\/","url":"https:\/\/chwbkosova.org\/sq\/programet\/cultural-heritage-as-human-right\/","name":"Trash\u00ebgimia Kulturore si e drejt\u00eb njer\u00ebzore -","isPartOf":{"@id":"https:\/\/chwbkosova.org\/#website"},"primaryImageOfPage":{"@id":"https:\/\/chwbkosova.org\/sq\/programet\/cultural-heritage-as-human-right\/#primaryimage"},"image":{"@id":"https:\/\/chwbkosova.org\/sq\/programet\/cultural-heritage-as-human-right\/#primaryimage"},"thumbnailUrl":"https:\/\/chwbkosova.org\/wp-content\/uploads\/2018\/12\/21753367_1629873947044431_3265362741433976009_o.jpg","datePublished":"2018-12-05T13:30:12+00:00","dateModified":"2025-10-28T08:18:27+00:00","breadcrumb":{"@id":"https:\/\/chwbkosova.org\/sq\/programet\/cultural-heritage-as-human-right\/#breadcrumb"},"inLanguage":"sq-AL","potentialAction":[{"@type":"ReadAction","target":["https:\/\/chwbkosova.org\/sq\/programet\/cultural-heritage-as-human-right\/"]}]},{"@type":"ImageObject","inLanguage":"sq-AL","@id":"https:\/\/chwbkosova.org\/sq\/programet\/cultural-heritage-as-human-right\/#primaryimage","url":"https:\/\/chwbkosova.org\/wp-content\/uploads\/2018\/12\/21753367_1629873947044431_3265362741433976009_o.jpg","contentUrl":"https:\/\/chwbkosova.org\/wp-content\/uploads\/2018\/12\/21753367_1629873947044431_3265362741433976009_o.jpg","width":2048,"height":1149},{"@type":"BreadcrumbList","@id":"https:\/\/chwbkosova.org\/sq\/programet\/cultural-heritage-as-human-right\/#breadcrumb","itemListElement":[{"@type":"ListItem","position":1,"name":"Home","item":"https:\/\/chwbkosova.org\/sq\/ballina-2\/"},{"@type":"ListItem","position":2,"name":"Programet","item":"https:\/\/chwbkosova.org\/sq\/programet\/"},{"@type":"ListItem","position":3,"name":"Trash\u00ebgimia Kulturore si e drejt\u00eb njer\u00ebzore"}]},{"@type":"WebSite","@id":"https:\/\/chwbkosova.org\/#website","url":"https:\/\/chwbkosova.org\/","name":"CHWB Kosova","description":"CHWB Kosova","publisher":{"@id":"https:\/\/chwbkosova.org\/#organization"},"potentialAction":[{"@type":"SearchAction","target":{"@type":"EntryPoint","urlTemplate":"https:\/\/chwbkosova.org\/?s={search_term_string}"},"query-input":{"@type":"PropertyValueSpecification","valueRequired":true,"valueName":"search_term_string"}}],"inLanguage":"sq-AL"},{"@type":"Organization","@id":"https:\/\/chwbkosova.org\/#organization","name":"CHWB Kosova","url":"https:\/\/chwbkosova.org\/","logo":{"@type":"ImageObject","inLanguage":"sq-AL","@id":"https:\/\/chwbkosova.org\/#\/schema\/logo\/image\/","url":"https:\/\/chwbkosova.org\/wp-content\/uploads\/2023\/07\/cropped-logo_black.jpg","contentUrl":"https:\/\/chwbkosova.org\/wp-content\/uploads\/2023\/07\/cropped-logo_black.jpg","width":512,"height":512,"caption":"CHWB Kosova"},"image":{"@id":"https:\/\/chwbkosova.org\/#\/schema\/logo\/image\/"}}]}},"_links":{"self":[{"href":"https:\/\/chwbkosova.org\/sq\/wp-json\/wp\/v2\/pages\/13401","targetHints":{"allow":["GET"]}}],"collection":[{"href":"https:\/\/chwbkosova.org\/sq\/wp-json\/wp\/v2\/pages"}],"about":[{"href":"https:\/\/chwbkosova.org\/sq\/wp-json\/wp\/v2\/types\/page"}],"author":[{"embeddable":true,"href":"https:\/\/chwbkosova.org\/sq\/wp-json\/wp\/v2\/users\/6"}],"replies":[{"embeddable":true,"href":"https:\/\/chwbkosova.org\/sq\/wp-json\/wp\/v2\/comments?post=13401"}],"version-history":[{"count":2,"href":"https:\/\/chwbkosova.org\/sq\/wp-json\/wp\/v2\/pages\/13401\/revisions"}],"predecessor-version":[{"id":14857,"href":"https:\/\/chwbkosova.org\/sq\/wp-json\/wp\/v2\/pages\/13401\/revisions\/14857"}],"up":[{"embeddable":true,"href":"https:\/\/chwbkosova.org\/sq\/wp-json\/wp\/v2\/pages\/14836"}],"wp:featuredmedia":[{"embeddable":true,"href":"https:\/\/chwbkosova.org\/sq\/wp-json\/wp\/v2\/media\/12019"}],"wp:attachment":[{"href":"https:\/\/chwbkosova.org\/sq\/wp-json\/wp\/v2\/media?parent=13401"}],"curies":[{"name":"wp","href":"https:\/\/api.w.org\/{rel}","templated":true}]}}