{"id":14829,"date":"2025-10-23T10:01:51","date_gmt":"2025-10-23T10:01:51","guid":{"rendered":"https:\/\/chwbkosova.org\/culture-for-growth\/"},"modified":"2026-04-08T11:58:15","modified_gmt":"2026-04-08T11:58:15","slug":"culture-for-growth","status":"publish","type":"page","link":"https:\/\/chwbkosova.org\/sq\/culture-for-growth\/","title":{"rendered":"Kultura p\u00ebr Zhvillim"},"content":{"rendered":"<style>.elementor-14829 .elementor-element.elementor-element-1123a1b > .elementor-container{max-width:1050px;}.elementor-14829 .elementor-element.elementor-element-1123a1b{padding:86px 0px 0px 0px;}.elementor-widget-heading .elementor-heading-title{font-family:var( --e-global-typography-primary-font-family ), Sans-serif;font-weight:var( --e-global-typography-primary-font-weight );color:var( --e-global-color-primary );}.elementor-14829 .elementor-element.elementor-element-0fb410b .elementor-heading-title{font-family:\"Lora\", Sans-serif;font-size:31px;font-weight:600;color:#000000;}.elementor-14829 .elementor-element.elementor-element-0fb410b > .elementor-widget-container{padding:0px 0px 0px 0px;}.elementor-widget-text-editor{font-family:var( --e-global-typography-text-font-family ), Sans-serif;font-weight:var( --e-global-typography-text-font-weight );color:var( --e-global-color-text );}.elementor-widget-text-editor.elementor-drop-cap-view-stacked .elementor-drop-cap{background-color:var( --e-global-color-primary );}.elementor-widget-text-editor.elementor-drop-cap-view-framed .elementor-drop-cap, .elementor-widget-text-editor.elementor-drop-cap-view-default .elementor-drop-cap{color:var( --e-global-color-primary );border-color:var( --e-global-color-primary );}.elementor-14829 .elementor-element.elementor-element-3c59c08{font-family:\"Open Sans\", Sans-serif;font-size:18px;font-weight:400;line-height:36px;color:#000000;width:var( --container-widget-width, 71% );max-width:71%;--container-widget-width:71%;--container-widget-flex-grow:0;}:root{--page-title-display:none;}@media(max-width:767px){.elementor-14829 .elementor-element.elementor-element-0fb410b{text-align:center;}.elementor-14829 .elementor-element.elementor-element-3c59c08{text-align:center;width:100%;max-width:100%;}.elementor-14829 .elementor-element.elementor-element-3c59c08 > .elementor-widget-container{padding:0px 10px 0px 10px;}}<\/style>\t\t<div data-elementor-type=\"wp-page\" data-elementor-id=\"14829\" class=\"elementor elementor-14829 elementor-14739\" data-elementor-post-type=\"page\">\n\t\t\t\t\t\t<section class=\"elementor-section elementor-top-section elementor-element elementor-element-1123a1b elementor-section-boxed elementor-section-height-default elementor-section-height-default\" data-id=\"1123a1b\" data-element_type=\"section\" data-e-type=\"section\">\n\t\t\t\t\t\t<div class=\"elementor-container elementor-column-gap-default\">\n\t\t\t\t\t<div class=\"elementor-column elementor-col-100 elementor-top-column elementor-element elementor-element-173b2c7\" data-id=\"173b2c7\" data-element_type=\"column\" data-e-type=\"column\">\n\t\t\t<div class=\"elementor-widget-wrap elementor-element-populated\">\n\t\t\t\t\t\t<div class=\"elementor-element elementor-element-0fb410b elementor-widget elementor-widget-heading\" data-id=\"0fb410b\" data-element_type=\"widget\" data-e-type=\"widget\" data-widget_type=\"heading.default\">\n\t\t\t\t<div class=\"elementor-widget-container\">\n\t\t\t\t\t<h2 class=\"elementor-heading-title elementor-size-default\">Programi p\u00ebr Planifikim t\u00eb Integruar dhe Analiz\u00eb <\/h2>\t\t\t\t<\/div>\n\t\t\t\t<\/div>\n\t\t\t\t<div class=\"elementor-element elementor-element-3c59c08 elementor-widget__width-initial elementor-widget-mobile__width-inherit elementor-widget elementor-widget-text-editor\" data-id=\"3c59c08\" data-element_type=\"widget\" data-e-type=\"widget\" data-widget_type=\"text-editor.default\">\n\t\t\t\t<div class=\"elementor-widget-container\">\n\t\t\t\t\t\t\t\t\t<p data-start=\"85\" data-end=\"171\">Programi p\u00ebr Planifikim t\u00eb Integruar dhe Analiz\u00eb p\u00ebrfaq\u00ebson kontributin strategjik t\u00eb CHwB Kosov\u00ebs n\u00eb forcimin e identiteteve kulturore rajonale dhe n\u00eb promovimin e qasjeve t\u00eb integruara ndaj zhvillimit. Ai i p\u00ebrgjigjet nj\u00eb sfide strukturore t\u00eb vazhdueshme n\u00eb Kosov\u00eb, ku trash\u00ebgimia kulturore \u00ebsht\u00eb trajtuar kryesisht p\u00ebrmes nd\u00ebrhyrjeve t\u00eb fragmentuara, t\u00eb fokusuara n\u00eb asete individuale, duke kufizuar rolin e saj n\u00eb proceset m\u00eb t\u00eb gjera territoriale, ekonomike dhe sociale.N\u00eb thelb t\u00eb programit q\u00ebndron krijimi i nj\u00eb baze t\u00eb plot\u00eb dhe t\u00eb strukturuar t\u00eb t\u00eb dh\u00ebnave p\u00ebr trash\u00ebgimin\u00eb kulturore, e plot\u00ebsuar me t\u00eb dh\u00ebna mbi trash\u00ebgimin\u00eb natyrore dhe territorin. P\u00ebrmes dokumentimit sistematik dhe bashkimit t\u00eb t\u00eb dh\u00ebnave t\u00eb ndryshme n\u00eb nj\u00eb databaz\u00eb t\u00eb unifikuar, t\u00eb bazuar n\u00eb web dhe GIS, programi ka zhvilluar nj\u00eb mjet analitik t\u00eb brendsh\u00ebm q\u00eb ndihmon n\u00eb kuptimin m\u00eb t\u00eb plot\u00eb t\u00eb trash\u00ebgimis\u00eb n\u00eb kontekstin e saj hap\u00ebsinor dhe socio-ekonomik. <br \/>Duke nd\u00ebrthurur t\u00eb dh\u00ebnat p\u00ebr asetet e trash\u00ebgimis\u00eb me informacionet mbi infrastruktur\u00ebn, p\u00ebrdorimin e tok\u00ebs dhe dinamikat demografike, si dhe duke siguruar cil\u00ebsi dhe standardizim t\u00eb lart\u00eb t\u00eb t\u00eb dh\u00ebnave, databaza mund\u00ebson analiza nd\u00ebrsektoriale dhe nxjerr n\u00eb pah lidhje, boshll\u00ebqe dhe potenciale zhvillimore q\u00eb shpesh mbeten jasht\u00eb v\u00ebmendjes n\u00eb qasjet tradicionale sektoriale. P\u00ebrtej rolit t\u00eb saj si depo e t\u00eb dh\u00ebnave, databaza sh\u00ebrben si nj\u00eb mjet strategjik p\u00ebr planifikim t\u00eb p\u00ebrbashk\u00ebt, duke nxitur bashk\u00ebpunimin nd\u00ebrmjet institucioneve, komunave, shoq\u00ebris\u00eb civile dhe komuniteteve. Ajo mb\u00ebshtet p\u00ebrdorimin e t\u00eb dh\u00ebnave p\u00ebr p\u00ebrcaktimin e prioriteteve dhe orientimin e proceseve t\u00eb zhvillimit n\u00eb m\u00ebnyr\u00eb m\u00eb t\u00eb koordinuar dhe me perspektiv\u00eb afatgjat\u00eb.<\/p><p data-start=\"85\" data-end=\"171\">P\u00ebrmes k\u00ebtij programi, CHwB Kosova synon t\u00eb forcoj\u00eb p\u00ebrdorimin e t\u00eb dh\u00ebnave n\u00eb zhvillimin territorial, duke kontribuar n\u00eb vendimmarrje m\u00eb t\u00eb informuar, bashk\u00ebpunim m\u00eb t\u00eb mir\u00eb nd\u00ebrinstitucional dhe n\u00eb vendosjen e trash\u00ebgimis\u00eb kulturore si nj\u00eb komponent t\u00eb r\u00ebnd\u00ebsish\u00ebm t\u00eb zhvillimit t\u00eb q\u00ebndruesh\u00ebm n\u00eb kontekst lokal.<\/p>\t\t\t\t\t\t\t\t<\/div>\n\t\t\t\t<\/div>\n\t\t\t\t\t<\/div>\n\t\t<\/div>\n\t\t\t\t\t<\/div>\n\t\t<\/section>\n\t\t\t\t<\/div>\n\t\t","protected":false},"excerpt":{"rendered":"<p>Programi p\u00ebr Planifikim t\u00eb Integruar dhe Analiz\u00eb Programi p\u00ebr Planifikim t\u00eb Integruar dhe Analiz\u00eb p\u00ebrfaq\u00ebson kontributin strategjik t\u00eb CHwB Kosov\u00ebs n\u00eb forcimin e identiteteve kulturore rajonale dhe n\u00eb promovimin e qasjeve t\u00eb integruara ndaj zhvillimit. Ai i p\u00ebrgjigjet nj\u00eb sfide strukturore t\u00eb vazhdueshme n\u00eb Kosov\u00eb, ku trash\u00ebgimia kulturore \u00ebsht\u00eb trajtuar kryesisht p\u00ebrmes nd\u00ebrhyrjeve t\u00eb fragmentuara, [&hellip;]<\/p>\n","protected":false},"author":6,"featured_media":0,"parent":0,"menu_order":0,"comment_status":"closed","ping_status":"closed","template":"","meta":{"_acf_changed":false,"footnotes":""},"class_list":["post-14829","page","type-page","status-publish","hentry"],"acf":[],"_links":{"self":[{"href":"https:\/\/chwbkosova.org\/sq\/wp-json\/wp\/v2\/pages\/14829","targetHints":{"allow":["GET"]}}],"collection":[{"href":"https:\/\/chwbkosova.org\/sq\/wp-json\/wp\/v2\/pages"}],"about":[{"href":"https:\/\/chwbkosova.org\/sq\/wp-json\/wp\/v2\/types\/page"}],"author":[{"embeddable":true,"href":"https:\/\/chwbkosova.org\/sq\/wp-json\/wp\/v2\/users\/6"}],"replies":[{"embeddable":true,"href":"https:\/\/chwbkosova.org\/sq\/wp-json\/wp\/v2\/comments?post=14829"}],"version-history":[{"count":19,"href":"https:\/\/chwbkosova.org\/sq\/wp-json\/wp\/v2\/pages\/14829\/revisions"}],"predecessor-version":[{"id":17930,"href":"https:\/\/chwbkosova.org\/sq\/wp-json\/wp\/v2\/pages\/14829\/revisions\/17930"}],"wp:attachment":[{"href":"https:\/\/chwbkosova.org\/sq\/wp-json\/wp\/v2\/media?parent=14829"}],"curies":[{"name":"wp","href":"https:\/\/api.w.org\/{rel}","templated":true}]}}