{"id":14840,"date":"2025-10-23T10:34:29","date_gmt":"2025-10-23T10:34:29","guid":{"rendered":"https:\/\/chwbkosova.org\/publication\/"},"modified":"2025-10-28T07:59:04","modified_gmt":"2025-10-28T07:59:04","slug":"publikime","status":"publish","type":"page","link":"https:\/\/chwbkosova.org\/sq\/publikime\/","title":{"rendered":"Publikime"},"content":{"rendered":"<style>.elementor-14840 .elementor-element.elementor-element-62586ff > .elementor-container{max-width:1300px;}.elementor-widget-heading .elementor-heading-title{font-family:var( --e-global-typography-primary-font-family ), Sans-serif;font-weight:var( --e-global-typography-primary-font-weight );color:var( --e-global-color-primary );}.elementor-14840 .elementor-element.elementor-element-28fdc4f .elementor-heading-title{font-family:\"Open Sans\", Sans-serif;font-size:42px;font-weight:600;color:#000000;}.elementor-14840 .elementor-element.elementor-element-28fdc4f > .elementor-widget-container{padding:42px 0px 72px 0px;}.elementor-14840 .elementor-element.elementor-element-3a69db8 > .elementor-container{max-width:1300px;}.elementor-14840 .elementor-element.elementor-element-411adca .jeg-elementor-kit.jkit-postblock .jkit-posts{grid-template-columns:repeat(2, minmax(0, 1fr));grid-column-gap:40px;}.elementor-14840 .elementor-element.elementor-element-411adca .jeg-elementor-kit.jkit-postblock .jkit-thumb .thumbnail-container{height:300px;}.elementor-14840 .elementor-element.elementor-element-411adca .jeg-elementor-kit.jkit-postblock .jkit-postblock-content{text-align:left;}.elementor-14840 .elementor-element.elementor-element-411adca .jeg-elementor-kit.jkit-postblock .jkit-post-title a, .elementor-14840 .elementor-element.elementor-element-411adca .jeg-elementor-kit.jkit-postblock.postblock-type-4 .jkit-post-title a{font-size:24px;text-decoration:none;}.elementor-14840 .elementor-element.elementor-element-411adca .jeg-elementor-kit.jkit-postblock .jkit-post-meta-bottom{justify-content:space-between;}.elementor-14840 .elementor-element.elementor-element-411adca .jeg-elementor-kit.jkit-postblock .jeg_empty_module{text-align:left;}:root{--page-title-display:none;}@media(max-width:1024px){.elementor-14840 .elementor-element.elementor-element-411adca .jeg-elementor-kit.jkit-postblock .jkit-posts{grid-template-columns:repeat(1, minmax(0, 1fr));}}<\/style>\t\t<div data-elementor-type=\"wp-page\" data-elementor-id=\"14840\" class=\"elementor elementor-14840\" data-elementor-post-type=\"page\">\n\t\t\t\t\t\t<section class=\"elementor-section elementor-top-section elementor-element elementor-element-62586ff elementor-section-boxed elementor-section-height-default elementor-section-height-default\" data-id=\"62586ff\" data-element_type=\"section\" data-e-type=\"section\">\n\t\t\t\t\t\t<div class=\"elementor-container elementor-column-gap-default\">\n\t\t\t\t\t<div class=\"elementor-column elementor-col-100 elementor-top-column elementor-element elementor-element-bf3d383\" data-id=\"bf3d383\" data-element_type=\"column\" data-e-type=\"column\">\n\t\t\t<div class=\"elementor-widget-wrap elementor-element-populated\">\n\t\t\t\t\t\t<div class=\"elementor-element elementor-element-28fdc4f elementor-widget elementor-widget-heading\" data-id=\"28fdc4f\" data-element_type=\"widget\" data-e-type=\"widget\" data-widget_type=\"heading.default\">\n\t\t\t\t<div class=\"elementor-widget-container\">\n\t\t\t\t\t<h2 class=\"elementor-heading-title elementor-size-default\">Publications<\/h2>\t\t\t\t<\/div>\n\t\t\t\t<\/div>\n\t\t\t\t\t<\/div>\n\t\t<\/div>\n\t\t\t\t\t<\/div>\n\t\t<\/section>\n\t\t\t\t<section class=\"elementor-section elementor-top-section elementor-element elementor-element-3a69db8 elementor-section-boxed elementor-section-height-default elementor-section-height-default\" data-id=\"3a69db8\" data-element_type=\"section\" data-e-type=\"section\">\n\t\t\t\t\t\t<div class=\"elementor-container elementor-column-gap-default\">\n\t\t\t\t\t<div class=\"elementor-column elementor-col-100 elementor-top-column elementor-element elementor-element-022df22\" data-id=\"022df22\" data-element_type=\"column\" data-e-type=\"column\">\n\t\t\t<div class=\"elementor-widget-wrap elementor-element-populated\">\n\t\t\t\t\t\t<div class=\"elementor-element elementor-element-411adca elementor-widget elementor-widget-jkit_post_block\" data-id=\"411adca\" data-element_type=\"widget\" data-e-type=\"widget\" data-widget_type=\"jkit_post_block.default\">\n\t\t\t\t<div class=\"elementor-widget-container\">\n\t\t\t\t\t<div  class=\"jeg-elementor-kit jkit-postblock postblock-type-3 jkit-pagination-disable post-element jeg_module___69d4420d0b6f5\"  data-id=\"jeg_module___69d4420d0b6f5\" data-settings=\"{&quot;post_type&quot;:&quot;chwb_publication&quot;,&quot;number_post&quot;:{&quot;unit&quot;:&quot;px&quot;,&quot;size&quot;:6,&quot;sizes&quot;:[]},&quot;post_offset&quot;:0,&quot;unique_content&quot;:&quot;disable&quot;,&quot;include_post&quot;:&quot;&quot;,&quot;exclude_post&quot;:&quot;&quot;,&quot;include_category&quot;:&quot;&quot;,&quot;exclude_category&quot;:&quot;&quot;,&quot;include_author&quot;:&quot;&quot;,&quot;include_tag&quot;:&quot;&quot;,&quot;exclude_tag&quot;:&quot;&quot;,&quot;sort_by&quot;:&quot;latest&quot;,&quot;pagination_mode&quot;:&quot;disable&quot;,&quot;pagination_loadmore_text&quot;:&quot;Load More&quot;,&quot;pagination_loading_text&quot;:&quot;Loading...&quot;,&quot;pagination_number_post&quot;:{&quot;unit&quot;:&quot;px&quot;,&quot;size&quot;:3,&quot;sizes&quot;:[]},&quot;pagination_scroll_limit&quot;:0,&quot;pagination_icon&quot;:{&quot;value&quot;:&quot;&quot;,&quot;library&quot;:&quot;&quot;},&quot;pagination_icon_position&quot;:&quot;before&quot;,&quot;st_category_position&quot;:&quot;center&quot;,&quot;sg_content_postblock_type&quot;:&quot;type-3&quot;,&quot;sg_content_element_order&quot;:&quot;title,meta,excerpt,read&quot;,&quot;sg_content_breakpoint&quot;:&quot;tablet&quot;,&quot;sg_content_title_html_tag&quot;:&quot;h3&quot;,&quot;sg_content_category_enable&quot;:&quot;&quot;,&quot;sg_content_excerpt_enable&quot;:&quot;&quot;,&quot;sg_content_excerpt_length&quot;:{&quot;unit&quot;:&quot;px&quot;,&quot;size&quot;:20,&quot;sizes&quot;:[]},&quot;sg_content_excerpt_more&quot;:&quot;...&quot;,&quot;sg_content_readmore_enable&quot;:&quot;&quot;,&quot;sg_content_readmore_icon&quot;:{&quot;value&quot;:&quot;fas fa-arrow-right&quot;,&quot;library&quot;:&quot;fa-solid&quot;},&quot;sg_content_readmore_icon_position&quot;:&quot;after&quot;,&quot;sg_content_readmore_text&quot;:&quot;Read More&quot;,&quot;sg_content_comment_enable&quot;:&quot;&quot;,&quot;sg_content_comment_icon&quot;:{&quot;value&quot;:&quot;fas fa-comment&quot;,&quot;library&quot;:&quot;fa-solid&quot;},&quot;sg_content_comment_icon_position&quot;:&quot;before&quot;,&quot;sg_content_meta_enable&quot;:&quot;&quot;,&quot;sg_content_meta_author_enable&quot;:&quot;&quot;,&quot;sg_content_meta_author_by_text&quot;:&quot;by&quot;,&quot;sg_content_meta_author_icon&quot;:{&quot;value&quot;:&quot;fas fa-user&quot;,&quot;library&quot;:&quot;fa-solid&quot;},&quot;sg_content_meta_author_icon_position&quot;:&quot;before&quot;,&quot;sg_content_meta_date_enable&quot;:&quot;yes&quot;,&quot;sg_content_meta_date_type&quot;:&quot;published&quot;,&quot;sg_content_meta_date_format&quot;:&quot;default&quot;,&quot;sg_content_meta_date_format_custom&quot;:&quot;F j, Y&quot;,&quot;sg_content_meta_date_icon&quot;:{&quot;value&quot;:&quot;fas fa-clock&quot;,&quot;library&quot;:&quot;fa-solid&quot;},&quot;sg_content_meta_date_icon_position&quot;:&quot;before&quot;,&quot;sg_content_image_size_imagesize_size&quot;:&quot;full&quot;,&quot;lang&quot;:&quot;sq&quot;,&quot;paged&quot;:1,&quot;class&quot;:&quot;jkit_post_block&quot;}\"><div class=\"jkit-block-container\"><div class=\"jeg_empty_module\">No Content Available<\/div><\/div><\/div>\t\t\t\t<\/div>\n\t\t\t\t<\/div>\n\t\t\t\t\t<\/div>\n\t\t<\/div>\n\t\t\t\t\t<\/div>\n\t\t<\/section>\n\t\t\t\t<\/div>\n\t\t","protected":false},"excerpt":{"rendered":"<p>Publications edit post Cultural Heritage of Vushtrri \u2013 children\u2019s brochure (ALB, ENG) edit post Gjendja e Trash\u00ebgimis\u00eb Kulturore n\u00eb Kosov\u00eb \u2013 2021 edit post Rigjenerimi i Rrug\u00ebs Model n\u00eb Prishtin\u00eb edit post Municipal Budget Analysis of the Culture sector in the West Region in Kosovo (2018-2021) edit post The impact of creative industries on the [&hellip;]<\/p>\n","protected":false},"author":6,"featured_media":0,"parent":0,"menu_order":0,"comment_status":"closed","ping_status":"closed","template":"elementor_header_footer","meta":{"footnotes":""},"class_list":["post-14840","page","type-page","status-publish","hentry"],"_links":{"self":[{"href":"https:\/\/chwbkosova.org\/sq\/wp-json\/wp\/v2\/pages\/14840","targetHints":{"allow":["GET"]}}],"collection":[{"href":"https:\/\/chwbkosova.org\/sq\/wp-json\/wp\/v2\/pages"}],"about":[{"href":"https:\/\/chwbkosova.org\/sq\/wp-json\/wp\/v2\/types\/page"}],"author":[{"embeddable":true,"href":"https:\/\/chwbkosova.org\/sq\/wp-json\/wp\/v2\/users\/6"}],"replies":[{"embeddable":true,"href":"https:\/\/chwbkosova.org\/sq\/wp-json\/wp\/v2\/comments?post=14840"}],"version-history":[{"count":2,"href":"https:\/\/chwbkosova.org\/sq\/wp-json\/wp\/v2\/pages\/14840\/revisions"}],"predecessor-version":[{"id":14843,"href":"https:\/\/chwbkosova.org\/sq\/wp-json\/wp\/v2\/pages\/14840\/revisions\/14843"}],"wp:attachment":[{"href":"https:\/\/chwbkosova.org\/sq\/wp-json\/wp\/v2\/media?parent=14840"}],"curies":[{"name":"wp","href":"https:\/\/api.w.org\/{rel}","templated":true}]}}