{"id":14844,"date":"2025-10-23T10:36:00","date_gmt":"2025-10-23T10:36:00","guid":{"rendered":"https:\/\/chwbkosova.org\/news\/"},"modified":"2026-04-15T08:20:16","modified_gmt":"2026-04-15T08:20:16","slug":"lajme","status":"publish","type":"page","link":"https:\/\/chwbkosova.org\/sq\/lajme\/","title":{"rendered":"Lajme"},"content":{"rendered":"\t\t<div data-elementor-type=\"wp-page\" data-elementor-id=\"14844\" class=\"elementor elementor-14844 elementor-14773\" data-elementor-post-type=\"page\">\n\t\t\t\t\t\t<section class=\"elementor-section elementor-top-section elementor-element elementor-element-fdfcd40 elementor-section-boxed elementor-section-height-default elementor-section-height-default\" data-id=\"fdfcd40\" data-element_type=\"section\" data-e-type=\"section\">\n\t\t\t\t\t\t<div class=\"elementor-container elementor-column-gap-default\">\n\t\t\t\t\t<div class=\"elementor-column elementor-col-100 elementor-top-column elementor-element elementor-element-ccac630\" data-id=\"ccac630\" data-element_type=\"column\" data-e-type=\"column\">\n\t\t\t<div class=\"elementor-widget-wrap elementor-element-populated\">\n\t\t\t\t\t\t<div class=\"elementor-element elementor-element-82c6924 elementor-widget elementor-widget-heading\" data-id=\"82c6924\" data-element_type=\"widget\" data-e-type=\"widget\" data-widget_type=\"heading.default\">\n\t\t\t\t<div class=\"elementor-widget-container\">\n\t\t\t\t\t<h2 class=\"elementor-heading-title elementor-size-default\">Lajmet<\/h2>\t\t\t\t<\/div>\n\t\t\t\t<\/div>\n\t\t\t\t\t<\/div>\n\t\t<\/div>\n\t\t\t\t\t<\/div>\n\t\t<\/section>\n\t\t\t\t<section class=\"elementor-section elementor-top-section elementor-element elementor-element-23e4ee1 elementor-section-boxed elementor-section-height-default elementor-section-height-default\" data-id=\"23e4ee1\" data-element_type=\"section\" data-e-type=\"section\">\n\t\t\t\t\t\t<div class=\"elementor-container elementor-column-gap-default\">\n\t\t\t\t\t<div class=\"elementor-column elementor-col-100 elementor-top-column elementor-element elementor-element-44da7c9\" data-id=\"44da7c9\" data-element_type=\"column\" data-e-type=\"column\">\n\t\t\t<div class=\"elementor-widget-wrap elementor-element-populated\">\n\t\t\t\t\t\t<div class=\"elementor-element elementor-element-b3b7cb5 elementor-widget elementor-widget-jkit_post_block\" data-id=\"b3b7cb5\" data-element_type=\"widget\" data-e-type=\"widget\" data-widget_type=\"jkit_post_block.default\">\n\t\t\t\t<div class=\"elementor-widget-container\">\n\t\t\t\t\t<div  class=\"jeg-elementor-kit jkit-postblock postblock-type-3 jkit-pagination-loadmore post-element jeg_module___69efd7b405012\"  data-id=\"jeg_module___69efd7b405012\" data-settings=\"{&quot;post_type&quot;:&quot;post&quot;,&quot;number_post&quot;:{&quot;unit&quot;:&quot;px&quot;,&quot;size&quot;:6,&quot;sizes&quot;:[]},&quot;post_offset&quot;:0,&quot;unique_content&quot;:&quot;disable&quot;,&quot;include_post&quot;:&quot;&quot;,&quot;exclude_post&quot;:&quot;&quot;,&quot;include_category&quot;:&quot;80&quot;,&quot;exclude_category&quot;:&quot;&quot;,&quot;include_author&quot;:&quot;&quot;,&quot;include_tag&quot;:&quot;&quot;,&quot;exclude_tag&quot;:&quot;&quot;,&quot;sort_by&quot;:&quot;latest&quot;,&quot;pagination_mode&quot;:&quot;loadmore&quot;,&quot;pagination_loadmore_text&quot;:&quot;Shiko m\\u00eb shum\\u00eb&quot;,&quot;pagination_loading_text&quot;:&quot;Loading...&quot;,&quot;pagination_number_post&quot;:{&quot;unit&quot;:&quot;px&quot;,&quot;size&quot;:3,&quot;sizes&quot;:[]},&quot;pagination_scroll_limit&quot;:0,&quot;pagination_icon&quot;:{&quot;value&quot;:&quot;&quot;,&quot;library&quot;:&quot;&quot;},&quot;pagination_icon_position&quot;:&quot;before&quot;,&quot;st_category_position&quot;:&quot;center&quot;,&quot;sg_content_postblock_type&quot;:&quot;type-3&quot;,&quot;sg_content_element_order&quot;:&quot;title,meta,excerpt,read&quot;,&quot;sg_content_breakpoint&quot;:&quot;tablet&quot;,&quot;sg_content_title_html_tag&quot;:&quot;h3&quot;,&quot;sg_content_category_enable&quot;:&quot;&quot;,&quot;sg_content_excerpt_enable&quot;:&quot;&quot;,&quot;sg_content_excerpt_length&quot;:{&quot;unit&quot;:&quot;px&quot;,&quot;size&quot;:20,&quot;sizes&quot;:[]},&quot;sg_content_excerpt_more&quot;:&quot;...&quot;,&quot;sg_content_readmore_enable&quot;:&quot;&quot;,&quot;sg_content_readmore_icon&quot;:{&quot;value&quot;:&quot;fas fa-arrow-right&quot;,&quot;library&quot;:&quot;fa-solid&quot;},&quot;sg_content_readmore_icon_position&quot;:&quot;after&quot;,&quot;sg_content_readmore_text&quot;:&quot;Read More&quot;,&quot;sg_content_comment_enable&quot;:&quot;&quot;,&quot;sg_content_comment_icon&quot;:{&quot;value&quot;:&quot;fas fa-comment&quot;,&quot;library&quot;:&quot;fa-solid&quot;},&quot;sg_content_comment_icon_position&quot;:&quot;before&quot;,&quot;sg_content_meta_enable&quot;:&quot;&quot;,&quot;sg_content_meta_author_enable&quot;:&quot;&quot;,&quot;sg_content_meta_author_by_text&quot;:&quot;by&quot;,&quot;sg_content_meta_author_icon&quot;:{&quot;value&quot;:&quot;fas fa-user&quot;,&quot;library&quot;:&quot;fa-solid&quot;},&quot;sg_content_meta_author_icon_position&quot;:&quot;before&quot;,&quot;sg_content_meta_date_enable&quot;:&quot;yes&quot;,&quot;sg_content_meta_date_type&quot;:&quot;published&quot;,&quot;sg_content_meta_date_format&quot;:&quot;default&quot;,&quot;sg_content_meta_date_format_custom&quot;:&quot;F j, Y&quot;,&quot;sg_content_meta_date_icon&quot;:{&quot;value&quot;:&quot;fas fa-clock&quot;,&quot;library&quot;:&quot;fa-solid&quot;},&quot;sg_content_meta_date_icon_position&quot;:&quot;before&quot;,&quot;sg_content_image_size_imagesize_size&quot;:&quot;full&quot;,&quot;lang&quot;:&quot;sq&quot;,&quot;paged&quot;:1,&quot;class&quot;:&quot;jkit_post_block&quot;}\"><div class=\"jkit-block-container\"><div class=\"jkit-posts jkit-ajax-flag\">\n            <article class=\"jkit-post post-18191 post type-post status-publish format-standard has-post-thumbnail hentry category-lajme\">\n                    <div class=\"jkit-thumb\"><a aria-label=\"CHwB Kosova takohet me Ministren p\u00ebr t\u00eb avancuar p\u00ebrpjekjet p\u00ebr digjitalizimin e muzeve\" href=\"https:\/\/chwbkosova.org\/sq\/chwb-kosova-takohet-me-ministren-per-te-avancuar-perpjekjet-per-digjitalizimin-e-muzeve\/\"><div class=\"thumbnail-container \">\n            <img loading=\"lazy\" decoding=\"async\" width=\"2048\" height=\"1365\" src=\"https:\/\/chwbkosova.org\/wp-content\/uploads\/2026\/04\/01-1.jpg\" class=\"attachment-full size-full wp-post-image\" alt=\"\" loading=\"lazy\" srcset=\"https:\/\/chwbkosova.org\/wp-content\/uploads\/2026\/04\/01-1.jpg 2048w, https:\/\/chwbkosova.org\/wp-content\/uploads\/2026\/04\/01-1-300x200.jpg 300w, https:\/\/chwbkosova.org\/wp-content\/uploads\/2026\/04\/01-1-1024x683.jpg 1024w, https:\/\/chwbkosova.org\/wp-content\/uploads\/2026\/04\/01-1-768x512.jpg 768w, https:\/\/chwbkosova.org\/wp-content\/uploads\/2026\/04\/01-1-1536x1024.jpg 1536w\" sizes=\"auto, (max-width: 2048px) 100vw, 2048px\" \/>\n        <\/div><\/a><\/div>\n                    <div class=\"jkit-postblock-content\"><h3 class=\"jkit-post-title\">\n\t\t\t\t\t\t\t<a href=\"https:\/\/chwbkosova.org\/sq\/chwb-kosova-takohet-me-ministren-per-te-avancuar-perpjekjet-per-digjitalizimin-e-muzeve\/\">CHwB Kosova takohet me Ministren p\u00ebr t\u00eb avancuar p\u00ebrpjekjet p\u00ebr digjitalizimin e muzeve<\/a>\n\t\t\t\t\t\t<\/h3><div class=\"jkit-post-meta-bottom\">\n\t\t\t\t\t\t\t\n\t\t\t\t\t\t<\/div><\/div>\n                <\/article><article class=\"jkit-post post-18043 post type-post status-publish format-standard has-post-thumbnail hentry category-lajme\">\n                    <div class=\"jkit-thumb\"><a aria-label=\"Vizit\u00eb studimore n\u00eb Gjakov\u00eb me nx\u00ebn\u00ebsit e shkoll\u00ebs \u201cAsllan Thaqi\u201d\" href=\"https:\/\/chwbkosova.org\/sq\/vizite-studimore-ne-gjakove-me-nxenesit-e-shkolles-asllan-thaqi\/\"><div class=\"thumbnail-container \">\n            <img loading=\"lazy\" decoding=\"async\" width=\"2048\" height=\"1365\" src=\"https:\/\/chwbkosova.org\/wp-content\/uploads\/2026\/04\/01.jpg\" class=\"attachment-full size-full wp-post-image\" alt=\"\" loading=\"lazy\" srcset=\"https:\/\/chwbkosova.org\/wp-content\/uploads\/2026\/04\/01.jpg 2048w, https:\/\/chwbkosova.org\/wp-content\/uploads\/2026\/04\/01-300x200.jpg 300w, https:\/\/chwbkosova.org\/wp-content\/uploads\/2026\/04\/01-1024x683.jpg 1024w, https:\/\/chwbkosova.org\/wp-content\/uploads\/2026\/04\/01-768x512.jpg 768w, https:\/\/chwbkosova.org\/wp-content\/uploads\/2026\/04\/01-1536x1024.jpg 1536w\" sizes=\"auto, (max-width: 2048px) 100vw, 2048px\" \/>\n        <\/div><\/a><\/div>\n                    <div class=\"jkit-postblock-content\"><h3 class=\"jkit-post-title\">\n\t\t\t\t\t\t\t<a href=\"https:\/\/chwbkosova.org\/sq\/vizite-studimore-ne-gjakove-me-nxenesit-e-shkolles-asllan-thaqi\/\">Vizit\u00eb studimore n\u00eb Gjakov\u00eb me nx\u00ebn\u00ebsit e shkoll\u00ebs \u201cAsllan Thaqi\u201d<\/a>\n\t\t\t\t\t\t<\/h3><div class=\"jkit-post-meta-bottom\">\n\t\t\t\t\t\t\t\n\t\t\t\t\t\t<\/div><\/div>\n                <\/article><article class=\"jkit-post post-17868 post type-post status-publish format-standard has-post-thumbnail hentry category-lajme\">\n                    <div class=\"jkit-thumb\"><a aria-label=\"Dje u p\u00ebrmbyll dita e dyt\u00eb e pun\u00ebtoris\u00eb p\u00ebr Ulpian\u00ebn\" href=\"https:\/\/chwbkosova.org\/sq\/dje-u-permbyll-dita-e-dyte-e-punetorise-per-ulpianen\/\"><div class=\"thumbnail-container \">\n            <img loading=\"lazy\" decoding=\"async\" width=\"2048\" height=\"1365\" src=\"https:\/\/chwbkosova.org\/wp-content\/uploads\/2026\/03\/DSC07578.jpg\" class=\"attachment-full size-full wp-post-image\" alt=\"\" loading=\"lazy\" srcset=\"https:\/\/chwbkosova.org\/wp-content\/uploads\/2026\/03\/DSC07578.jpg 2048w, https:\/\/chwbkosova.org\/wp-content\/uploads\/2026\/03\/DSC07578-300x200.jpg 300w, https:\/\/chwbkosova.org\/wp-content\/uploads\/2026\/03\/DSC07578-1024x683.jpg 1024w, https:\/\/chwbkosova.org\/wp-content\/uploads\/2026\/03\/DSC07578-768x512.jpg 768w, https:\/\/chwbkosova.org\/wp-content\/uploads\/2026\/03\/DSC07578-1536x1024.jpg 1536w\" sizes=\"auto, (max-width: 2048px) 100vw, 2048px\" \/>\n        <\/div><\/a><\/div>\n                    <div class=\"jkit-postblock-content\"><h3 class=\"jkit-post-title\">\n\t\t\t\t\t\t\t<a href=\"https:\/\/chwbkosova.org\/sq\/dje-u-permbyll-dita-e-dyte-e-punetorise-per-ulpianen\/\">Dje u p\u00ebrmbyll dita e dyt\u00eb e pun\u00ebtoris\u00eb p\u00ebr Ulpian\u00ebn<\/a>\n\t\t\t\t\t\t<\/h3><div class=\"jkit-post-meta-bottom\">\n\t\t\t\t\t\t\t\n\t\t\t\t\t\t<\/div><\/div>\n                <\/article><article class=\"jkit-post post-17846 post type-post status-publish format-standard has-post-thumbnail hentry category-lajme\">\n                    <div class=\"jkit-thumb\"><a aria-label=\"Filloi pun\u00ebtoria p\u00ebr hartimin e Planit t\u00eb Konservimit p\u00ebr Ulpian\u00ebn &#8211; Iustiniana Secunda\" href=\"https:\/\/chwbkosova.org\/sq\/filloi-punetoria-per-hartimin-e-planit-te-konservimit-per-ulpianen-iustiniana-secunda\/\"><div class=\"thumbnail-container \">\n            <img loading=\"lazy\" decoding=\"async\" width=\"2048\" height=\"1365\" src=\"https:\/\/chwbkosova.org\/wp-content\/uploads\/2026\/03\/01.jpg\" class=\"attachment-full size-full wp-post-image\" alt=\"\" loading=\"lazy\" srcset=\"https:\/\/chwbkosova.org\/wp-content\/uploads\/2026\/03\/01.jpg 2048w, https:\/\/chwbkosova.org\/wp-content\/uploads\/2026\/03\/01-300x200.jpg 300w, https:\/\/chwbkosova.org\/wp-content\/uploads\/2026\/03\/01-1024x683.jpg 1024w, https:\/\/chwbkosova.org\/wp-content\/uploads\/2026\/03\/01-768x512.jpg 768w, https:\/\/chwbkosova.org\/wp-content\/uploads\/2026\/03\/01-1536x1024.jpg 1536w\" sizes=\"auto, (max-width: 2048px) 100vw, 2048px\" \/>\n        <\/div><\/a><\/div>\n                    <div class=\"jkit-postblock-content\"><h3 class=\"jkit-post-title\">\n\t\t\t\t\t\t\t<a href=\"https:\/\/chwbkosova.org\/sq\/filloi-punetoria-per-hartimin-e-planit-te-konservimit-per-ulpianen-iustiniana-secunda\/\">Filloi pun\u00ebtoria p\u00ebr hartimin e Planit t\u00eb Konservimit p\u00ebr Ulpian\u00ebn &#8211; Iustiniana Secunda<\/a>\n\t\t\t\t\t\t<\/h3><div class=\"jkit-post-meta-bottom\">\n\t\t\t\t\t\t\t\n\t\t\t\t\t\t<\/div><\/div>\n                <\/article><article class=\"jkit-post post-17082 post type-post status-publish format-standard has-post-thumbnail hentry category-lajme\">\n                    <div class=\"jkit-thumb\"><a aria-label=\"Pun\u00ebtoria p\u00ebr hartimin e Programit Afatgjat\u00eb Muzeor t\u00eb Muzeut t\u00eb N\u00ebn\u00ebs Terez\u00eb\" href=\"https:\/\/chwbkosova.org\/sq\/punetoria-per-hartimin-e-programit-afatgjate-muzeor-te-muzeut-te-nenes-tereze\/\"><div class=\"thumbnail-container \">\n            <img loading=\"lazy\" decoding=\"async\" width=\"2048\" height=\"1365\" src=\"https:\/\/chwbkosova.org\/wp-content\/uploads\/2026\/02\/04.jpg\" class=\"attachment-full size-full wp-post-image\" alt=\"\" loading=\"lazy\" srcset=\"https:\/\/chwbkosova.org\/wp-content\/uploads\/2026\/02\/04.jpg 2048w, https:\/\/chwbkosova.org\/wp-content\/uploads\/2026\/02\/04-300x200.jpg 300w, https:\/\/chwbkosova.org\/wp-content\/uploads\/2026\/02\/04-1024x683.jpg 1024w, https:\/\/chwbkosova.org\/wp-content\/uploads\/2026\/02\/04-768x512.jpg 768w, https:\/\/chwbkosova.org\/wp-content\/uploads\/2026\/02\/04-1536x1024.jpg 1536w\" sizes=\"auto, (max-width: 2048px) 100vw, 2048px\" \/>\n        <\/div><\/a><\/div>\n                    <div class=\"jkit-postblock-content\"><h3 class=\"jkit-post-title\">\n\t\t\t\t\t\t\t<a href=\"https:\/\/chwbkosova.org\/sq\/punetoria-per-hartimin-e-programit-afatgjate-muzeor-te-muzeut-te-nenes-tereze\/\">Pun\u00ebtoria p\u00ebr hartimin e Programit Afatgjat\u00eb Muzeor t\u00eb Muzeut t\u00eb N\u00ebn\u00ebs Terez\u00eb<\/a>\n\t\t\t\t\t\t<\/h3><div class=\"jkit-post-meta-bottom\">\n\t\t\t\t\t\t\t\n\t\t\t\t\t\t<\/div><\/div>\n                <\/article><article class=\"jkit-post post-17120 post type-post status-publish format-standard has-post-thumbnail hentry category-lajme\">\n                    <div class=\"jkit-thumb\"><a aria-label=\"Kampi Rinor dyditor p\u00ebr Trash\u00ebgimi Kulturore\" href=\"https:\/\/chwbkosova.org\/sq\/kampi-rinor-dyditor-per-trashegimi-kulturore\/\"><div class=\"thumbnail-container \">\n            <img loading=\"lazy\" decoding=\"async\" width=\"2048\" height=\"1365\" src=\"https:\/\/chwbkosova.org\/wp-content\/uploads\/2026\/02\/brezo1.jpg\" class=\"attachment-full size-full wp-post-image\" alt=\"\" loading=\"lazy\" srcset=\"https:\/\/chwbkosova.org\/wp-content\/uploads\/2026\/02\/brezo1.jpg 2048w, https:\/\/chwbkosova.org\/wp-content\/uploads\/2026\/02\/brezo1-300x200.jpg 300w, https:\/\/chwbkosova.org\/wp-content\/uploads\/2026\/02\/brezo1-1024x683.jpg 1024w, https:\/\/chwbkosova.org\/wp-content\/uploads\/2026\/02\/brezo1-768x512.jpg 768w, https:\/\/chwbkosova.org\/wp-content\/uploads\/2026\/02\/brezo1-1536x1024.jpg 1536w\" sizes=\"auto, (max-width: 2048px) 100vw, 2048px\" \/>\n        <\/div><\/a><\/div>\n                    <div class=\"jkit-postblock-content\"><h3 class=\"jkit-post-title\">\n\t\t\t\t\t\t\t<a href=\"https:\/\/chwbkosova.org\/sq\/kampi-rinor-dyditor-per-trashegimi-kulturore\/\">Kampi Rinor dyditor p\u00ebr Trash\u00ebgimi Kulturore<\/a>\n\t\t\t\t\t\t<\/h3><div class=\"jkit-post-meta-bottom\">\n\t\t\t\t\t\t\t\n\t\t\t\t\t\t<\/div><\/div>\n                <\/article>\n        <\/div><\/div><div class=\"jkit-block-pagination jkit-align\"><button type=\"button\" class=\"jkit-pagination-button jkit-block-loadmore icon-position-before\"><span data-load=\"Shiko m\u00eb shum\u00eb\" data-loading=\"Loading...\">Shiko m\u00eb shum\u00eb<\/span><\/button><\/div><\/div>\t\t\t\t<\/div>\n\t\t\t\t<\/div>\n\t\t\t\t\t<\/div>\n\t\t<\/div>\n\t\t\t\t\t<\/div>\n\t\t<\/section>\n\t\t\t\t<\/div>\n\t\t","protected":false},"excerpt":{"rendered":"<p>Lajmet edit post Workshop on Ulpiana Advances with Second Day of Discussions and Expert Insights edit post Conservation Plan for the Archaeological Site of Ulpiana started today edit post Workshop in Prizren Advances Long-Term Program for Mother Teresa Museum edit post Youth Camp on Cultural Heritage edit post Youth Camp on Cultural Heritage Unites Students [&hellip;]<\/p>\n","protected":false},"author":6,"featured_media":0,"parent":0,"menu_order":0,"comment_status":"closed","ping_status":"closed","template":"elementor_header_footer","meta":{"_acf_changed":false,"footnotes":""},"class_list":["post-14844","page","type-page","status-publish","hentry"],"acf":[],"yoast_head":"<!-- This site is optimized with the Yoast SEO plugin v27.4 - https:\/\/yoast.com\/product\/yoast-seo-wordpress\/ -->\n<title>Lajme -<\/title>\n<meta name=\"robots\" content=\"index, follow, max-snippet:-1, max-image-preview:large, max-video-preview:-1\" \/>\n<link rel=\"canonical\" href=\"https:\/\/chwbkosova.org\/sq\/lajme\/\" \/>\n<meta property=\"og:locale\" content=\"sq_AL\" \/>\n<meta property=\"og:type\" content=\"article\" \/>\n<meta property=\"og:title\" content=\"Lajme -\" \/>\n<meta property=\"og:description\" content=\"Lajmet edit post Workshop on Ulpiana Advances with Second Day of Discussions and Expert Insights edit post Conservation Plan for the Archaeological Site of Ulpiana started today edit post Workshop in Prizren Advances Long-Term Program for Mother Teresa Museum edit post Youth Camp on Cultural Heritage edit post Youth Camp on Cultural Heritage Unites Students [&hellip;]\" \/>\n<meta property=\"og:url\" content=\"https:\/\/chwbkosova.org\/sq\/lajme\/\" \/>\n<meta property=\"article:modified_time\" content=\"2026-04-15T08:20:16+00:00\" \/>\n<meta property=\"og:image\" content=\"https:\/\/chwbkosova.org\/wp-content\/uploads\/2026\/03\/DSC07578.jpg\" \/>\n<meta name=\"twitter:card\" content=\"summary_large_image\" \/>\n<script type=\"application\/ld+json\" class=\"yoast-schema-graph\">{\"@context\":\"https:\\\/\\\/schema.org\",\"@graph\":[{\"@type\":\"WebPage\",\"@id\":\"https:\\\/\\\/chwbkosova.org\\\/sq\\\/lajme\\\/\",\"url\":\"https:\\\/\\\/chwbkosova.org\\\/sq\\\/lajme\\\/\",\"name\":\"Lajme -\",\"isPartOf\":{\"@id\":\"https:\\\/\\\/chwbkosova.org\\\/#website\"},\"primaryImageOfPage\":{\"@id\":\"https:\\\/\\\/chwbkosova.org\\\/sq\\\/lajme\\\/#primaryimage\"},\"image\":{\"@id\":\"https:\\\/\\\/chwbkosova.org\\\/sq\\\/lajme\\\/#primaryimage\"},\"thumbnailUrl\":\"https:\\\/\\\/chwbkosova.org\\\/wp-content\\\/uploads\\\/2026\\\/03\\\/DSC07578.jpg\",\"datePublished\":\"2025-10-23T10:36:00+00:00\",\"dateModified\":\"2026-04-15T08:20:16+00:00\",\"breadcrumb\":{\"@id\":\"https:\\\/\\\/chwbkosova.org\\\/sq\\\/lajme\\\/#breadcrumb\"},\"inLanguage\":\"sq-AL\",\"potentialAction\":[{\"@type\":\"ReadAction\",\"target\":[\"https:\\\/\\\/chwbkosova.org\\\/sq\\\/lajme\\\/\"]}]},{\"@type\":\"ImageObject\",\"inLanguage\":\"sq-AL\",\"@id\":\"https:\\\/\\\/chwbkosova.org\\\/sq\\\/lajme\\\/#primaryimage\",\"url\":\"https:\\\/\\\/chwbkosova.org\\\/wp-content\\\/uploads\\\/2026\\\/03\\\/DSC07578.jpg\",\"contentUrl\":\"https:\\\/\\\/chwbkosova.org\\\/wp-content\\\/uploads\\\/2026\\\/03\\\/DSC07578.jpg\"},{\"@type\":\"BreadcrumbList\",\"@id\":\"https:\\\/\\\/chwbkosova.org\\\/sq\\\/lajme\\\/#breadcrumb\",\"itemListElement\":[{\"@type\":\"ListItem\",\"position\":1,\"name\":\"Home\",\"item\":\"https:\\\/\\\/chwbkosova.org\\\/sq\\\/ballina-2\\\/\"},{\"@type\":\"ListItem\",\"position\":2,\"name\":\"Lajme\"}]},{\"@type\":\"WebSite\",\"@id\":\"https:\\\/\\\/chwbkosova.org\\\/#website\",\"url\":\"https:\\\/\\\/chwbkosova.org\\\/\",\"name\":\"CHWB Kosova\",\"description\":\"CHWB Kosova\",\"publisher\":{\"@id\":\"https:\\\/\\\/chwbkosova.org\\\/#organization\"},\"potentialAction\":[{\"@type\":\"SearchAction\",\"target\":{\"@type\":\"EntryPoint\",\"urlTemplate\":\"https:\\\/\\\/chwbkosova.org\\\/?s={search_term_string}\"},\"query-input\":{\"@type\":\"PropertyValueSpecification\",\"valueRequired\":true,\"valueName\":\"search_term_string\"}}],\"inLanguage\":\"sq-AL\"},{\"@type\":\"Organization\",\"@id\":\"https:\\\/\\\/chwbkosova.org\\\/#organization\",\"name\":\"CHWB Kosova\",\"url\":\"https:\\\/\\\/chwbkosova.org\\\/\",\"logo\":{\"@type\":\"ImageObject\",\"inLanguage\":\"sq-AL\",\"@id\":\"https:\\\/\\\/chwbkosova.org\\\/#\\\/schema\\\/logo\\\/image\\\/\",\"url\":\"https:\\\/\\\/chwbkosova.org\\\/wp-content\\\/uploads\\\/2023\\\/07\\\/cropped-logo_black.jpg\",\"contentUrl\":\"https:\\\/\\\/chwbkosova.org\\\/wp-content\\\/uploads\\\/2023\\\/07\\\/cropped-logo_black.jpg\",\"width\":512,\"height\":512,\"caption\":\"CHWB Kosova\"},\"image\":{\"@id\":\"https:\\\/\\\/chwbkosova.org\\\/#\\\/schema\\\/logo\\\/image\\\/\"}}]}<\/script>\n<!-- \/ Yoast SEO plugin. -->","yoast_head_json":{"title":"Lajme -","robots":{"index":"index","follow":"follow","max-snippet":"max-snippet:-1","max-image-preview":"max-image-preview:large","max-video-preview":"max-video-preview:-1"},"canonical":"https:\/\/chwbkosova.org\/sq\/lajme\/","og_locale":"sq_AL","og_type":"article","og_title":"Lajme -","og_description":"Lajmet edit post Workshop on Ulpiana Advances with Second Day of Discussions and Expert Insights edit post Conservation Plan for the Archaeological Site of Ulpiana started today edit post Workshop in Prizren Advances Long-Term Program for Mother Teresa Museum edit post Youth Camp on Cultural Heritage edit post Youth Camp on Cultural Heritage Unites Students [&hellip;]","og_url":"https:\/\/chwbkosova.org\/sq\/lajme\/","article_modified_time":"2026-04-15T08:20:16+00:00","og_image":[{"url":"https:\/\/chwbkosova.org\/wp-content\/uploads\/2026\/03\/DSC07578.jpg","type":"","width":"","height":""}],"twitter_card":"summary_large_image","schema":{"@context":"https:\/\/schema.org","@graph":[{"@type":"WebPage","@id":"https:\/\/chwbkosova.org\/sq\/lajme\/","url":"https:\/\/chwbkosova.org\/sq\/lajme\/","name":"Lajme -","isPartOf":{"@id":"https:\/\/chwbkosova.org\/#website"},"primaryImageOfPage":{"@id":"https:\/\/chwbkosova.org\/sq\/lajme\/#primaryimage"},"image":{"@id":"https:\/\/chwbkosova.org\/sq\/lajme\/#primaryimage"},"thumbnailUrl":"https:\/\/chwbkosova.org\/wp-content\/uploads\/2026\/03\/DSC07578.jpg","datePublished":"2025-10-23T10:36:00+00:00","dateModified":"2026-04-15T08:20:16+00:00","breadcrumb":{"@id":"https:\/\/chwbkosova.org\/sq\/lajme\/#breadcrumb"},"inLanguage":"sq-AL","potentialAction":[{"@type":"ReadAction","target":["https:\/\/chwbkosova.org\/sq\/lajme\/"]}]},{"@type":"ImageObject","inLanguage":"sq-AL","@id":"https:\/\/chwbkosova.org\/sq\/lajme\/#primaryimage","url":"https:\/\/chwbkosova.org\/wp-content\/uploads\/2026\/03\/DSC07578.jpg","contentUrl":"https:\/\/chwbkosova.org\/wp-content\/uploads\/2026\/03\/DSC07578.jpg"},{"@type":"BreadcrumbList","@id":"https:\/\/chwbkosova.org\/sq\/lajme\/#breadcrumb","itemListElement":[{"@type":"ListItem","position":1,"name":"Home","item":"https:\/\/chwbkosova.org\/sq\/ballina-2\/"},{"@type":"ListItem","position":2,"name":"Lajme"}]},{"@type":"WebSite","@id":"https:\/\/chwbkosova.org\/#website","url":"https:\/\/chwbkosova.org\/","name":"CHWB Kosova","description":"CHWB Kosova","publisher":{"@id":"https:\/\/chwbkosova.org\/#organization"},"potentialAction":[{"@type":"SearchAction","target":{"@type":"EntryPoint","urlTemplate":"https:\/\/chwbkosova.org\/?s={search_term_string}"},"query-input":{"@type":"PropertyValueSpecification","valueRequired":true,"valueName":"search_term_string"}}],"inLanguage":"sq-AL"},{"@type":"Organization","@id":"https:\/\/chwbkosova.org\/#organization","name":"CHWB Kosova","url":"https:\/\/chwbkosova.org\/","logo":{"@type":"ImageObject","inLanguage":"sq-AL","@id":"https:\/\/chwbkosova.org\/#\/schema\/logo\/image\/","url":"https:\/\/chwbkosova.org\/wp-content\/uploads\/2023\/07\/cropped-logo_black.jpg","contentUrl":"https:\/\/chwbkosova.org\/wp-content\/uploads\/2023\/07\/cropped-logo_black.jpg","width":512,"height":512,"caption":"CHWB Kosova"},"image":{"@id":"https:\/\/chwbkosova.org\/#\/schema\/logo\/image\/"}}]}},"_links":{"self":[{"href":"https:\/\/chwbkosova.org\/sq\/wp-json\/wp\/v2\/pages\/14844","targetHints":{"allow":["GET"]}}],"collection":[{"href":"https:\/\/chwbkosova.org\/sq\/wp-json\/wp\/v2\/pages"}],"about":[{"href":"https:\/\/chwbkosova.org\/sq\/wp-json\/wp\/v2\/types\/page"}],"author":[{"embeddable":true,"href":"https:\/\/chwbkosova.org\/sq\/wp-json\/wp\/v2\/users\/6"}],"replies":[{"embeddable":true,"href":"https:\/\/chwbkosova.org\/sq\/wp-json\/wp\/v2\/comments?post=14844"}],"version-history":[{"count":16,"href":"https:\/\/chwbkosova.org\/sq\/wp-json\/wp\/v2\/pages\/14844\/revisions"}],"predecessor-version":[{"id":17973,"href":"https:\/\/chwbkosova.org\/sq\/wp-json\/wp\/v2\/pages\/14844\/revisions\/17973"}],"wp:attachment":[{"href":"https:\/\/chwbkosova.org\/sq\/wp-json\/wp\/v2\/media?parent=14844"}],"curies":[{"name":"wp","href":"https:\/\/api.w.org\/{rel}","templated":true}]}}