{"id":16266,"date":"2025-11-04T15:03:48","date_gmt":"2025-11-04T15:03:48","guid":{"rendered":"https:\/\/chwbkosova.org\/adaptive-reuse-2\/"},"modified":"2026-04-08T12:06:18","modified_gmt":"2026-04-08T12:06:18","slug":"dokumentimi-digjital-i-avancuar-i-trashegimise-kulturore","status":"publish","type":"page","link":"https:\/\/chwbkosova.org\/sq\/dokumentimi-digjital-i-avancuar-i-trashegimise-kulturore\/","title":{"rendered":"Dokumentimi Digjital i Avancuar i Trash\u00ebgimis\u00eb Kulturore"},"content":{"rendered":"<style>.elementor-16266 .elementor-element.elementor-element-76b20ef > .elementor-container > .elementor-column > .elementor-widget-wrap{align-content:center;align-items:center;}.elementor-16266 .elementor-element.elementor-element-76b20ef:not(.elementor-motion-effects-element-type-background), .elementor-16266 .elementor-element.elementor-element-76b20ef > .elementor-motion-effects-container > .elementor-motion-effects-layer{background-color:#FFFFFF;}.elementor-16266 .elementor-element.elementor-element-76b20ef{transition:background 0.3s, border 0.3s, border-radius 0.3s, box-shadow 0.3s;padding:100px 0px 100px 0px;}.elementor-16266 .elementor-element.elementor-element-76b20ef > .elementor-background-overlay{transition:background 0.3s, border-radius 0.3s, opacity 0.3s;}.elementor-widget-image .widget-image-caption{color:var( --e-global-color-text );font-family:var( --e-global-typography-text-font-family ), Sans-serif;font-weight:var( --e-global-typography-text-font-weight );}.elementor-widget-heading .elementor-heading-title{font-family:var( --e-global-typography-primary-font-family ), Sans-serif;font-weight:var( --e-global-typography-primary-font-weight );color:var( --e-global-color-primary );}.elementor-16266 .elementor-element.elementor-element-5015e36{text-align:center;}.elementor-16266 .elementor-element.elementor-element-5015e36 .elementor-heading-title{font-family:\"Lora\", Sans-serif;font-size:40px;font-weight:600;color:#0B0B0B;}.elementor-16266 .elementor-element.elementor-element-5015e36 > .elementor-widget-container{padding:15px 0px 0px 0px;}.elementor-16266 .elementor-element.elementor-element-b634acd > .elementor-element-populated{padding:0px 25px 0px 0px;}.elementor-widget-text-editor{font-family:var( --e-global-typography-text-font-family ), Sans-serif;font-weight:var( --e-global-typography-text-font-weight );color:var( --e-global-color-text );}.elementor-widget-text-editor.elementor-drop-cap-view-stacked .elementor-drop-cap{background-color:var( --e-global-color-primary );}.elementor-widget-text-editor.elementor-drop-cap-view-framed .elementor-drop-cap, .elementor-widget-text-editor.elementor-drop-cap-view-default .elementor-drop-cap{color:var( --e-global-color-primary );border-color:var( --e-global-color-primary );}.elementor-16266 .elementor-element.elementor-element-ee2dc31{font-family:\"Lora\", Sans-serif;font-size:18px;font-weight:400;line-height:1.8em;color:#000000;}.elementor-16266 .elementor-element.elementor-element-d4de0d4 > .elementor-element-populated{padding:0px 0px 0px 25px;}.elementor-16266 .elementor-element.elementor-element-f934e9e{font-family:\"Lora\", Sans-serif;font-size:18px;font-weight:400;line-height:1.8em;color:#000000;}:root{--page-title-display:none;}@media(max-width:1024px){.elementor-16266 .elementor-element.elementor-element-76b20ef{padding:100px 25px 100px 25px;}}@media(max-width:767px){.elementor-16266 .elementor-element.elementor-element-76b20ef{padding:50px 0px 50px 0px;}.elementor-16266 .elementor-element.elementor-element-e7e2d7f > .elementor-element-populated{padding:0px 0px 0px 0px;}.elementor-16266 .elementor-element.elementor-element-5015e36 .elementor-heading-title{font-size:27px;}.elementor-16266 .elementor-element.elementor-element-b634acd > .elementor-element-populated{padding:0px 10px 0px 10px;}.elementor-16266 .elementor-element.elementor-element-ee2dc31{width:100%;max-width:100%;}.elementor-16266 .elementor-element.elementor-element-d4de0d4 > .elementor-element-populated{padding:0px 10px 0px 10px;}.elementor-16266 .elementor-element.elementor-element-f934e9e{text-align:center;}}<\/style>\t\t<div data-elementor-type=\"wp-page\" data-elementor-id=\"16266\" class=\"elementor elementor-16266 elementor-15753\" data-elementor-post-type=\"page\">\n\t\t\t\t\t\t<section class=\"elementor-section elementor-top-section elementor-element elementor-element-76b20ef elementor-section-content-middle elementor-section-boxed elementor-section-height-default elementor-section-height-default\" data-id=\"76b20ef\" data-element_type=\"section\" data-e-type=\"section\" data-settings=\"{&quot;background_background&quot;:&quot;classic&quot;}\">\n\t\t\t\t\t\t<div class=\"elementor-container elementor-column-gap-no\">\n\t\t\t\t\t<div class=\"elementor-column elementor-col-100 elementor-top-column elementor-element elementor-element-e7e2d7f\" data-id=\"e7e2d7f\" data-element_type=\"column\" data-e-type=\"column\">\n\t\t\t<div class=\"elementor-widget-wrap elementor-element-populated\">\n\t\t\t\t\t\t<div class=\"elementor-element elementor-element-d49205b elementor-widget elementor-widget-image\" data-id=\"d49205b\" data-element_type=\"widget\" data-e-type=\"widget\" data-widget_type=\"image.default\">\n\t\t\t\t<div class=\"elementor-widget-container\">\n\t\t\t\t\t\t\t\t\t\t\t\t\t\t\t<img fetchpriority=\"high\" decoding=\"async\" width=\"1600\" height=\"1066\" src=\"https:\/\/chwbkosova.org\/wp-content\/uploads\/2026\/04\/WhatsApp-Image-2026-04-08-at-10.35.10.jpeg\" class=\"attachment-full size-full wp-image-17901\" alt=\"\" srcset=\"https:\/\/chwbkosova.org\/wp-content\/uploads\/2026\/04\/WhatsApp-Image-2026-04-08-at-10.35.10.jpeg 1600w, https:\/\/chwbkosova.org\/wp-content\/uploads\/2026\/04\/WhatsApp-Image-2026-04-08-at-10.35.10-300x200.jpeg 300w, https:\/\/chwbkosova.org\/wp-content\/uploads\/2026\/04\/WhatsApp-Image-2026-04-08-at-10.35.10-1024x682.jpeg 1024w, https:\/\/chwbkosova.org\/wp-content\/uploads\/2026\/04\/WhatsApp-Image-2026-04-08-at-10.35.10-768x512.jpeg 768w, https:\/\/chwbkosova.org\/wp-content\/uploads\/2026\/04\/WhatsApp-Image-2026-04-08-at-10.35.10-1536x1023.jpeg 1536w\" sizes=\"(max-width: 1600px) 100vw, 1600px\" \/>\t\t\t\t\t\t\t\t\t\t\t\t\t\t\t<\/div>\n\t\t\t\t<\/div>\n\t\t\t\t<div class=\"elementor-element elementor-element-5015e36 elementor-widget elementor-widget-heading\" data-id=\"5015e36\" data-element_type=\"widget\" data-e-type=\"widget\" data-widget_type=\"heading.default\">\n\t\t\t\t<div class=\"elementor-widget-container\">\n\t\t\t\t\t<h3 class=\"elementor-heading-title elementor-size-default\"> Dokumentimi Digjital i Avancuar i Trash\u00ebgimis\u00eb Kulturore<\/h3>\t\t\t\t<\/div>\n\t\t\t\t<\/div>\n\t\t\t\t<section class=\"elementor-section elementor-inner-section elementor-element elementor-element-492153a elementor-section-full_width elementor-section-height-default elementor-section-height-default\" data-id=\"492153a\" data-element_type=\"section\" data-e-type=\"section\">\n\t\t\t\t\t\t<div class=\"elementor-container elementor-column-gap-default\">\n\t\t\t\t\t<div class=\"elementor-column elementor-col-50 elementor-inner-column elementor-element elementor-element-b634acd\" data-id=\"b634acd\" data-element_type=\"column\" data-e-type=\"column\">\n\t\t\t<div class=\"elementor-widget-wrap elementor-element-populated\">\n\t\t\t\t\t\t<div class=\"elementor-element elementor-element-ee2dc31 elementor-widget-mobile__width-inherit elementor-widget elementor-widget-text-editor\" data-id=\"ee2dc31\" data-element_type=\"widget\" data-e-type=\"widget\" data-widget_type=\"text-editor.default\">\n\t\t\t\t<div class=\"elementor-widget-container\">\n\t\t\t\t\t\t\t\t\t<p>Ky program promovon p\u00ebrdorimin e teknologjive t\u00eb avancuara, ve\u00e7an\u00ebrisht asaj digjitale, p\u00ebr t\u00eb forcuar dokumentimin e trash\u00ebgimis\u00eb kulturore. Fokusohet n\u00eb p\u00ebrmir\u00ebsimin e sakt\u00ebsis\u00eb, qasshm\u00ebris\u00eb dhe ruajtjes afatgjat\u00eb t\u00eb t\u00eb dh\u00ebnave t\u00eb trash\u00ebgimis\u00eb, duke nd\u00ebrtuar nj\u00ebkoh\u00ebsisht kapacitetet e profesionist\u00ebve dhe institucioneve q\u00eb punojn\u00eb n\u00eb k\u00ebt\u00eb fush\u00eb.<br \/>Nj\u00eb komponent tjet\u00ebr \u00ebsht\u00eb krijimi i nj\u00eb programi edukativ q\u00eb mb\u00ebshtet praktikuesit n\u00eb p\u00ebrdorimin e teknologjive digjitale p\u00ebr dokumentimin e trash\u00ebgimis\u00eb. P\u00ebrmes nj\u00eb kombinimi t\u00eb t\u00eb nx\u00ebnit teorik dhe trajnimit praktik, pjes\u00ebmarr\u00ebsit fitojn\u00eb aft\u00ebsi konkrete n\u00eb p\u00ebrdorimin e mjeteve si skanimi lazer 3D, fotogrametria me dron dhe regjistrimi digjital me rezolucion t\u00eb lart\u00eb. Kjo qasje kontribuon n\u00eb standardizimin dhe modernizimin e praktikave t\u00eb dokumentimit n\u00ebp\u00ebr institucione.<\/p><p>Paralelisht, programi zbaton aktivitete edukative n\u00eb fush\u00ebn e ruajtjes s\u00eb trash\u00ebgimis\u00eb kulturore, rip\u00ebrdorimit adaptiv dhe interpretimit. K\u00ebto programe promovojn\u00eb t\u00eb nx\u00ebnit nd\u00ebrdisiplinor duke kombinuar aft\u00ebsit\u00eb teknologjike me nj\u00eb kuptim t\u00eb fort\u00eb t\u00eb parimeve t\u00eb konservimit dhe menaxhimit t\u00eb q\u00ebndruesh\u00ebm t\u00eb trash\u00ebgimis\u00eb. Pjes\u00ebmarr\u00ebsit inkurajohen t\u00eb p\u00ebrdorin mjetet digjitale jo vet\u00ebm p\u00ebr dokumentim, por edhe p\u00ebr t\u00eb p\u00ebrmir\u00ebsuar interpretimin dhe prezantimin publik t\u00eb objekteve t\u00eb trash\u00ebgimis\u00eb.<\/p>\t\t\t\t\t\t\t\t<\/div>\n\t\t\t\t<\/div>\n\t\t\t\t\t<\/div>\n\t\t<\/div>\n\t\t\t\t<div class=\"elementor-column elementor-col-50 elementor-inner-column elementor-element elementor-element-d4de0d4\" data-id=\"d4de0d4\" data-element_type=\"column\" data-e-type=\"column\">\n\t\t\t<div class=\"elementor-widget-wrap elementor-element-populated\">\n\t\t\t\t\t\t<div class=\"elementor-element elementor-element-f934e9e elementor-widget elementor-widget-text-editor\" data-id=\"f934e9e\" data-element_type=\"widget\" data-e-type=\"widget\" data-widget_type=\"text-editor.default\">\n\t\t\t\t<div class=\"elementor-widget-container\">\n\t\t\t\t\t\t\t\t\t<p>Programi gjithashtu themelon nj\u00eb nj\u00ebsi t\u00eb brendshme brenda CH\u00ebB Kosovo, e dedikuar p\u00ebr mbledhjen dhe analiz\u00ebn e t\u00eb dh\u00ebnave. Kjo nj\u00ebsi sh\u00ebrben si nj\u00eb qend\u00ebr qendrore p\u00ebr menaxhimin e dokumentimit digjital, duke siguruar cil\u00ebsin\u00eb, konsistenc\u00ebn dhe ruajtjen afatgjat\u00eb t\u00eb t\u00eb dh\u00ebnave. Ajo mb\u00ebshtet vendimmarrjen e bazuar n\u00eb evidenc\u00eb, duke ofruar analiza dhe njohuri t\u00eb nxjerra nga t\u00eb dh\u00ebnat e mbledhura, dhe forcon proceset e planifikimit institucional dhe menaxhimit t\u00eb trash\u00ebgimis\u00eb.<br \/>N\u00eb p\u00ebrgjith\u00ebsi, programi krijon nj\u00eb korniz\u00eb t\u00eb q\u00ebndrueshme p\u00ebr integrimin e teknologjive t\u00eb avancuara n\u00eb praktikat e trash\u00ebgimis\u00eb kulturore, duke p\u00ebrmir\u00ebsuar ekspertiz\u00ebn profesionale dhe duke forcuar q\u00ebndrueshm\u00ebrin\u00eb institucionale.<\/p>\t\t\t\t\t\t\t\t<\/div>\n\t\t\t\t<\/div>\n\t\t\t\t\t<\/div>\n\t\t<\/div>\n\t\t\t\t\t<\/div>\n\t\t<\/section>\n\t\t\t\t\t<\/div>\n\t\t<\/div>\n\t\t\t\t\t<\/div>\n\t\t<\/section>\n\t\t\t\t<\/div>\n\t\t","protected":false},"excerpt":{"rendered":"<p>Dokumentimi Digjital i Avancuar i Trash\u00ebgimis\u00eb Kulturore Ky program promovon p\u00ebrdorimin e teknologjive t\u00eb avancuara, ve\u00e7an\u00ebrisht asaj digjitale, p\u00ebr t\u00eb forcuar dokumentimin e trash\u00ebgimis\u00eb kulturore. Fokusohet n\u00eb p\u00ebrmir\u00ebsimin e sakt\u00ebsis\u00eb, qasshm\u00ebris\u00eb dhe ruajtjes afatgjat\u00eb t\u00eb t\u00eb dh\u00ebnave t\u00eb trash\u00ebgimis\u00eb, duke nd\u00ebrtuar nj\u00ebkoh\u00ebsisht kapacitetet e profesionist\u00ebve dhe institucioneve q\u00eb punojn\u00eb n\u00eb k\u00ebt\u00eb fush\u00eb.Nj\u00eb komponent tjet\u00ebr \u00ebsht\u00eb [&hellip;]<\/p>\n","protected":false},"author":6,"featured_media":0,"parent":0,"menu_order":0,"comment_status":"closed","ping_status":"closed","template":"","meta":{"_acf_changed":false,"footnotes":""},"class_list":["post-16266","page","type-page","status-publish","hentry"],"acf":[],"_links":{"self":[{"href":"https:\/\/chwbkosova.org\/sq\/wp-json\/wp\/v2\/pages\/16266","targetHints":{"allow":["GET"]}}],"collection":[{"href":"https:\/\/chwbkosova.org\/sq\/wp-json\/wp\/v2\/pages"}],"about":[{"href":"https:\/\/chwbkosova.org\/sq\/wp-json\/wp\/v2\/types\/page"}],"author":[{"embeddable":true,"href":"https:\/\/chwbkosova.org\/sq\/wp-json\/wp\/v2\/users\/6"}],"replies":[{"embeddable":true,"href":"https:\/\/chwbkosova.org\/sq\/wp-json\/wp\/v2\/comments?post=16266"}],"version-history":[{"count":17,"href":"https:\/\/chwbkosova.org\/sq\/wp-json\/wp\/v2\/pages\/16266\/revisions"}],"predecessor-version":[{"id":17937,"href":"https:\/\/chwbkosova.org\/sq\/wp-json\/wp\/v2\/pages\/16266\/revisions\/17937"}],"wp:attachment":[{"href":"https:\/\/chwbkosova.org\/sq\/wp-json\/wp\/v2\/media?parent=16266"}],"curies":[{"name":"wp","href":"https:\/\/api.w.org\/{rel}","templated":true}]}}