{"id":16274,"date":"2025-11-12T16:26:15","date_gmt":"2025-11-12T16:26:15","guid":{"rendered":"https:\/\/chwbkosova.org\/culture-heritage\/"},"modified":"2026-04-08T11:57:49","modified_gmt":"2026-04-08T11:57:49","slug":"trashegimia-kulturore","status":"publish","type":"page","link":"https:\/\/chwbkosova.org\/sq\/trashegimia-kulturore\/","title":{"rendered":"Trash\u00ebgimia Kulturore"},"content":{"rendered":"<style>.elementor-16274 .elementor-element.elementor-element-17c1a5c3 > .elementor-container > .elementor-column > .elementor-widget-wrap{align-content:center;align-items:center;}.elementor-16274 .elementor-element.elementor-element-17c1a5c3:not(.elementor-motion-effects-element-type-background), .elementor-16274 .elementor-element.elementor-element-17c1a5c3 > .elementor-motion-effects-container > .elementor-motion-effects-layer{background-color:#FFFFFF;}.elementor-16274 .elementor-element.elementor-element-17c1a5c3{transition:background 0.3s, border 0.3s, border-radius 0.3s, box-shadow 0.3s;padding:100px 0px 100px 0px;}.elementor-16274 .elementor-element.elementor-element-17c1a5c3 > .elementor-background-overlay{transition:background 0.3s, border-radius 0.3s, opacity 0.3s;}.elementor-widget-image .widget-image-caption{color:var( --e-global-color-text );font-family:var( --e-global-typography-text-font-family ), Sans-serif;font-weight:var( --e-global-typography-text-font-weight );}.elementor-widget-heading .elementor-heading-title{font-family:var( --e-global-typography-primary-font-family ), Sans-serif;font-weight:var( --e-global-typography-primary-font-weight );color:var( --e-global-color-primary );}.elementor-16274 .elementor-element.elementor-element-2a0b2c26{text-align:center;}.elementor-16274 .elementor-element.elementor-element-2a0b2c26 .elementor-heading-title{font-family:\"Lora\", Sans-serif;font-size:40px;font-weight:600;color:#0B0B0B;}.elementor-16274 .elementor-element.elementor-element-2a0b2c26 > .elementor-widget-container{padding:15px 0px 0px 0px;}.elementor-16274 .elementor-element.elementor-element-4c14edfd > .elementor-element-populated{padding:0px 25px 0px 0px;}.elementor-widget-text-editor{font-family:var( --e-global-typography-text-font-family ), Sans-serif;font-weight:var( --e-global-typography-text-font-weight );color:var( --e-global-color-text );}.elementor-widget-text-editor.elementor-drop-cap-view-stacked .elementor-drop-cap{background-color:var( --e-global-color-primary );}.elementor-widget-text-editor.elementor-drop-cap-view-framed .elementor-drop-cap, .elementor-widget-text-editor.elementor-drop-cap-view-default .elementor-drop-cap{color:var( --e-global-color-primary );border-color:var( --e-global-color-primary );}.elementor-16274 .elementor-element.elementor-element-e9a74af{font-family:\"Lora\", Sans-serif;font-size:18px;font-weight:400;line-height:1.8em;color:#000000;}.elementor-16274 .elementor-element.elementor-element-7bcc9087 > .elementor-element-populated{padding:0px 0px 0px 25px;}.elementor-16274 .elementor-element.elementor-element-6185a820{font-family:\"Lora\", Sans-serif;font-size:18px;font-weight:400;line-height:1.8em;color:#000000;}:root{--page-title-display:none;}@media(max-width:1024px){.elementor-16274 .elementor-element.elementor-element-17c1a5c3{padding:100px 25px 100px 25px;}}@media(max-width:767px){.elementor-16274 .elementor-element.elementor-element-17c1a5c3{padding:50px 0px 50px 0px;}.elementor-16274 .elementor-element.elementor-element-67d716b1 > .elementor-element-populated{padding:0px 0px 0px 0px;}.elementor-16274 .elementor-element.elementor-element-2a0b2c26 .elementor-heading-title{font-size:27px;}.elementor-16274 .elementor-element.elementor-element-4c14edfd > .elementor-element-populated{padding:0px 10px 0px 10px;}.elementor-16274 .elementor-element.elementor-element-e9a74af{text-align:center;width:100%;max-width:100%;}.elementor-16274 .elementor-element.elementor-element-7bcc9087 > .elementor-element-populated{padding:0px 10px 0px 10px;}.elementor-16274 .elementor-element.elementor-element-6185a820{text-align:center;}}<\/style>\t\t<div data-elementor-type=\"wp-page\" data-elementor-id=\"16274\" class=\"elementor elementor-16274 elementor-16257\" data-elementor-post-type=\"page\">\n\t\t\t\t\t\t<section class=\"elementor-section elementor-top-section elementor-element elementor-element-17c1a5c3 elementor-section-content-middle elementor-section-boxed elementor-section-height-default elementor-section-height-default\" data-id=\"17c1a5c3\" data-element_type=\"section\" data-e-type=\"section\" data-settings=\"{&quot;background_background&quot;:&quot;classic&quot;}\">\n\t\t\t\t\t\t<div class=\"elementor-container elementor-column-gap-no\">\n\t\t\t\t\t<div class=\"elementor-column elementor-col-100 elementor-top-column elementor-element elementor-element-67d716b1\" data-id=\"67d716b1\" data-element_type=\"column\" data-e-type=\"column\">\n\t\t\t<div class=\"elementor-widget-wrap elementor-element-populated\">\n\t\t\t\t\t\t<div class=\"elementor-element elementor-element-21894ed2 elementor-widget elementor-widget-image\" data-id=\"21894ed2\" data-element_type=\"widget\" data-e-type=\"widget\" data-widget_type=\"image.default\">\n\t\t\t\t<div class=\"elementor-widget-container\">\n\t\t\t\t\t\t\t\t\t\t\t\t\t\t\t<img fetchpriority=\"high\" decoding=\"async\" width=\"1600\" height=\"897\" src=\"https:\/\/chwbkosova.org\/wp-content\/uploads\/2026\/04\/WhatsApp-Image-2026-04-07-at-13.57.11.jpeg\" class=\"attachment-full size-full wp-image-17887\" alt=\"\" srcset=\"https:\/\/chwbkosova.org\/wp-content\/uploads\/2026\/04\/WhatsApp-Image-2026-04-07-at-13.57.11.jpeg 1600w, https:\/\/chwbkosova.org\/wp-content\/uploads\/2026\/04\/WhatsApp-Image-2026-04-07-at-13.57.11-300x168.jpeg 300w, https:\/\/chwbkosova.org\/wp-content\/uploads\/2026\/04\/WhatsApp-Image-2026-04-07-at-13.57.11-1024x574.jpeg 1024w, https:\/\/chwbkosova.org\/wp-content\/uploads\/2026\/04\/WhatsApp-Image-2026-04-07-at-13.57.11-768x431.jpeg 768w, https:\/\/chwbkosova.org\/wp-content\/uploads\/2026\/04\/WhatsApp-Image-2026-04-07-at-13.57.11-1536x861.jpeg 1536w\" sizes=\"(max-width: 1600px) 100vw, 1600px\" \/>\t\t\t\t\t\t\t\t\t\t\t\t\t\t\t<\/div>\n\t\t\t\t<\/div>\n\t\t\t\t<div class=\"elementor-element elementor-element-2a0b2c26 elementor-widget elementor-widget-heading\" data-id=\"2a0b2c26\" data-element_type=\"widget\" data-e-type=\"widget\" data-widget_type=\"heading.default\">\n\t\t\t\t<div class=\"elementor-widget-container\">\n\t\t\t\t\t<h3 class=\"elementor-heading-title elementor-size-default\">Trash\u00ebgimia Kulturore si e Drejt\u00eb e Njeriut\n<\/h3>\t\t\t\t<\/div>\n\t\t\t\t<\/div>\n\t\t\t\t<section class=\"elementor-section elementor-inner-section elementor-element elementor-element-2917eaac elementor-section-full_width elementor-section-height-default elementor-section-height-default\" data-id=\"2917eaac\" data-element_type=\"section\" data-e-type=\"section\">\n\t\t\t\t\t\t<div class=\"elementor-container elementor-column-gap-default\">\n\t\t\t\t\t<div class=\"elementor-column elementor-col-50 elementor-inner-column elementor-element elementor-element-4c14edfd\" data-id=\"4c14edfd\" data-element_type=\"column\" data-e-type=\"column\">\n\t\t\t<div class=\"elementor-widget-wrap elementor-element-populated\">\n\t\t\t\t\t\t<div class=\"elementor-element elementor-element-e9a74af elementor-widget-mobile__width-inherit elementor-widget elementor-widget-text-editor\" data-id=\"e9a74af\" data-element_type=\"widget\" data-e-type=\"widget\" data-widget_type=\"text-editor.default\">\n\t\t\t\t<div class=\"elementor-widget-container\">\n\t\t\t\t\t\t\t\t\t<p>Ky program promovon nj\u00eb qasje t\u00eb bazuar n\u00eb t\u00eb drejtat e njeriut ndaj trash\u00ebgimis\u00eb kulturore, duke nxitur rritje gjith\u00ebp\u00ebrfshir\u00ebse dhe duke siguruar mund\u00ebsi t\u00eb barabarta p\u00ebr t\u00eb gjith\u00eb. Fokusohet n\u00eb integrimin gjith\u00ebp\u00ebrfshir\u00ebs n\u00eb t\u00eb gjitha aktivitetet thelb\u00ebsore t\u00eb organizat\u00ebs, duke kontribuar drejtp\u00ebrdrejt n\u00eb arritjen e objektivave kryesore t\u00eb saj. P\u00ebrmes nj\u00eb qasjeje q\u00eb ka n\u00eb qend\u00ebr njeriun, t\u00eb bazuar n\u00eb respekt t\u00eb nd\u00ebrsjell\u00eb dhe dialog t\u00eb hapur nd\u00ebrkulturor, programi forcon dhe plot\u00ebson fushat kryesore t\u00eb pun\u00ebs s\u00eb organizat\u00ebs.<br \/>Nj\u00eb komponent ky\u00e7 i programit \u00ebsht\u00eb prioritetizimi i aktiviteteve q\u00eb avancojn\u00eb barazin\u00eb gjinore, grupet etnike minoritare, personat me aft\u00ebsi t\u00eb kufizuara, grat\u00eb dhe rinin\u00eb. Duke adresuar pabarazit\u00eb strukturore dhe duke promovuar pjes\u00ebmarrje aktive, programi synon t\u00eb krijoj\u00eb qasje m\u00eb t\u00eb barabart\u00eb n\u00eb trash\u00ebgimin\u00eb kulturore dhe jet\u00ebn kulturore.<br \/>N\u00eb fush\u00ebn e barazis\u00eb gjinore, programi \u00ebsht\u00eb n\u00eb p\u00ebrputhje me Strategjin\u00eb e Bashkimit Evropian p\u00ebr Barazi Gjinore 2020\u20132025, duke promovuar nj\u00eb shoq\u00ebri ku grat\u00eb dhe burrat, vajzat dhe djemt\u00eb, n\u00eb t\u00eb gjith\u00eb diversitetin e tyre, kan\u00eb mund\u00ebsi t\u00eb barabarta p\u00ebr t\u00eb marr\u00eb pjes\u00eb dhe p\u00ebr t\u00eb udh\u00ebhequr. P\u00ebrmes partneriteteve strategjike me organizata relevante, programi mb\u00ebshtet nj\u00eb qasje gjith\u00ebp\u00ebrfshir\u00ebse dhe t\u00eb integruar, duke siguruar q\u00eb parimet e barazis\u00eb gjinore t\u00eb p\u00ebrfshihen n\u00eb t\u00eb gjitha aktivitetet e projekteve.<br \/>Programi trajton gjithashtu sfidat me t\u00eb cilat p\u00ebrballen grupet etnike minoritare n\u00eb Kosov\u00eb, ku margjinalizimi shoq\u00ebror vazhdon t\u00eb ndikoj\u00eb n\u00eb qasjen n\u00eb jet\u00ebn kulturore, arsim dhe mund\u00ebsi zhvillimi. V\u00ebmendje e ve\u00e7ant\u00eb i kushtohet komuniteteve rom, ashkali dhe egjiptian, t\u00eb cilat mbeten nd\u00ebr m\u00eb t\u00eb cenueshmet. P\u00ebr t\u00eb forcuar p\u00ebrfshirjen n\u00eb sektorin e trash\u00ebgimis\u00eb kulturore, programi krijon grupe fokusi kulturore p\u00ebr t\u00eb identifikuar sfidat dhe p\u00ebr t\u00eb zhvilluar zgjidhje t\u00eb p\u00ebrshtatura, duke u bazuar n\u00eb modele ekzistuese dhe duke i zgjeruar ato edhe n\u00eb komunitete t\u00eb tjera minoritare.<\/p>\t\t\t\t\t\t\t\t<\/div>\n\t\t\t\t<\/div>\n\t\t\t\t\t<\/div>\n\t\t<\/div>\n\t\t\t\t<div class=\"elementor-column elementor-col-50 elementor-inner-column elementor-element elementor-element-7bcc9087\" data-id=\"7bcc9087\" data-element_type=\"column\" data-e-type=\"column\">\n\t\t\t<div class=\"elementor-widget-wrap elementor-element-populated\">\n\t\t\t\t\t\t<div class=\"elementor-element elementor-element-6185a820 elementor-widget elementor-widget-text-editor\" data-id=\"6185a820\" data-element_type=\"widget\" data-e-type=\"widget\" data-widget_type=\"text-editor.default\">\n\t\t\t\t<div class=\"elementor-widget-container\">\n\t\t\t\t\t\t\t\t\t<p>N\u00eb t\u00eb nj\u00ebjt\u00ebn koh\u00eb, programi punon p\u00ebr t\u00eb p\u00ebrmir\u00ebsuar qasjen p\u00ebr personat me aft\u00ebsi t\u00eb kufizuara, duke identifikuar barrierat fizike dhe interpretative n\u00eb vendet e trash\u00ebgimis\u00eb kulturore, muzet\u00eb dhe galerit\u00eb. Ai mb\u00ebshtet zhvillimin e udh\u00ebzimeve p\u00ebr qasje dhe promovon integrimin e tyre n\u00eb nd\u00ebrhyrjet infrastrukturore, duke siguruar q\u00eb qasshm\u00ebria t\u00eb b\u00ebhet nj\u00eb komponent standard i menaxhimit t\u00eb trash\u00ebgimis\u00eb.<br \/>Programi njeh nevoj\u00ebn p\u00ebr t\u00eb theksuar rolin dhe kontributin e grave, ve\u00e7an\u00ebrisht n\u00eb fush\u00ebn e trash\u00ebgimis\u00eb kulturore jomateriale, ku ato shpesh jan\u00eb t\u00eb n\u00ebn-p\u00ebrfaq\u00ebsuara. P\u00ebrmes krijimit t\u00eb nj\u00eb grupi t\u00eb posa\u00e7\u00ebm kulturor t\u00eb grave, programi promovon grat\u00eb si aktore ky\u00e7e n\u00eb ruajtjen dhe transmetimin e identitetit kulturor.<br \/>Gjithashtu programi mb\u00ebshtet angazhimin e t\u00eb rinjve duke krijuar mund\u00ebsi p\u00ebr m\u00ebsim, shk\u00ebmbim dhe pjes\u00ebmarrje. Ai vazhdon t\u00eb punoj\u00eb me t\u00eb rinjt\u00eb nga komunitetet rom, ashkali dhe egjiptian p\u00ebrmes qendrave t\u00eb m\u00ebsimit, duke krijuar gjithashtu nj\u00eb platform\u00eb t\u00eb shk\u00ebmbimit p\u00ebr trash\u00ebgimin\u00eb kulturore t\u00eb rinis\u00eb. Kjo platform\u00eb nxit dialogun nd\u00ebrkulturor, rrit nd\u00ebrgjegj\u00ebsimin p\u00ebr trash\u00ebgimin\u00eb e p\u00ebrbashk\u00ebt dhe promovon vlerat e t\u00eb drejtave t\u00eb njeriut dhe diversitetit kulturor p\u00ebrmes aktiviteteve edukative dhe praktike.<br \/>N\u00eb t\u00ebr\u00ebsi, programi krijon nj\u00eb korniz\u00eb gjith\u00ebp\u00ebrfshir\u00ebse p\u00ebr integrimin e parimeve t\u00eb t\u00eb drejtave t\u00eb njeriut n\u00eb praktikat e trash\u00ebgimis\u00eb kulturore, duke forcuar p\u00ebrfshirjen sociale, nxitur mir\u00ebkuptimin nd\u00ebrkulturor dhe rritur pjes\u00ebmarrjen e barabart\u00eb n\u00eb jet\u00ebn kulturore.<\/p>\t\t\t\t\t\t\t\t<\/div>\n\t\t\t\t<\/div>\n\t\t\t\t\t<\/div>\n\t\t<\/div>\n\t\t\t\t\t<\/div>\n\t\t<\/section>\n\t\t\t\t\t<\/div>\n\t\t<\/div>\n\t\t\t\t\t<\/div>\n\t\t<\/section>\n\t\t\t\t<\/div>\n\t\t","protected":false},"excerpt":{"rendered":"<p>Trash\u00ebgimia Kulturore si e Drejt\u00eb e Njeriut Ky program promovon nj\u00eb qasje t\u00eb bazuar n\u00eb t\u00eb drejtat e njeriut ndaj trash\u00ebgimis\u00eb kulturore, duke nxitur rritje gjith\u00ebp\u00ebrfshir\u00ebse dhe duke siguruar mund\u00ebsi t\u00eb barabarta p\u00ebr t\u00eb gjith\u00eb. Fokusohet n\u00eb integrimin gjith\u00ebp\u00ebrfshir\u00ebs n\u00eb t\u00eb gjitha aktivitetet thelb\u00ebsore t\u00eb organizat\u00ebs, duke kontribuar drejtp\u00ebrdrejt n\u00eb arritjen e objektivave kryesore t\u00eb [&hellip;]<\/p>\n","protected":false},"author":6,"featured_media":0,"parent":0,"menu_order":0,"comment_status":"closed","ping_status":"closed","template":"","meta":{"_acf_changed":false,"footnotes":""},"class_list":["post-16274","page","type-page","status-publish","hentry"],"acf":[],"_links":{"self":[{"href":"https:\/\/chwbkosova.org\/sq\/wp-json\/wp\/v2\/pages\/16274","targetHints":{"allow":["GET"]}}],"collection":[{"href":"https:\/\/chwbkosova.org\/sq\/wp-json\/wp\/v2\/pages"}],"about":[{"href":"https:\/\/chwbkosova.org\/sq\/wp-json\/wp\/v2\/types\/page"}],"author":[{"embeddable":true,"href":"https:\/\/chwbkosova.org\/sq\/wp-json\/wp\/v2\/users\/6"}],"replies":[{"embeddable":true,"href":"https:\/\/chwbkosova.org\/sq\/wp-json\/wp\/v2\/comments?post=16274"}],"version-history":[{"count":19,"href":"https:\/\/chwbkosova.org\/sq\/wp-json\/wp\/v2\/pages\/16274\/revisions"}],"predecessor-version":[{"id":17927,"href":"https:\/\/chwbkosova.org\/sq\/wp-json\/wp\/v2\/pages\/16274\/revisions\/17927"}],"wp:attachment":[{"href":"https:\/\/chwbkosova.org\/sq\/wp-json\/wp\/v2\/media?parent=16274"}],"curies":[{"name":"wp","href":"https:\/\/api.w.org\/{rel}","templated":true}]}}