{"id":17227,"date":"2026-02-25T23:21:14","date_gmt":"2026-02-25T23:21:14","guid":{"rendered":"https:\/\/chwbkosova.org\/vision\/"},"modified":"2026-03-12T09:55:35","modified_gmt":"2026-03-12T09:55:35","slug":"vizionistrategjia","status":"publish","type":"page","link":"https:\/\/chwbkosova.org\/sq\/vizionistrategjia\/","title":{"rendered":"Vizioni&#038;Strategjia"},"content":{"rendered":"<style>.elementor-17227 .elementor-element.elementor-element-d31cfbb{padding:46px 0px 0px 0px;}.elementor-widget-heading .elementor-heading-title{font-family:var( --e-global-typography-primary-font-family ), Sans-serif;font-weight:var( --e-global-typography-primary-font-weight );color:var( --e-global-color-primary );}.elementor-17227 .elementor-element.elementor-element-f2983cf .elementor-heading-title{font-family:\"Lora\", Sans-serif;font-size:50px;font-weight:600;color:#343434;}.elementor-widget-text-editor{font-family:var( --e-global-typography-text-font-family ), Sans-serif;font-weight:var( --e-global-typography-text-font-weight );color:var( --e-global-color-text );}.elementor-widget-text-editor.elementor-drop-cap-view-stacked .elementor-drop-cap{background-color:var( --e-global-color-primary );}.elementor-widget-text-editor.elementor-drop-cap-view-framed .elementor-drop-cap, .elementor-widget-text-editor.elementor-drop-cap-view-default .elementor-drop-cap{color:var( --e-global-color-primary );border-color:var( --e-global-color-primary );}.elementor-17227 .elementor-element.elementor-element-8fdc144{font-family:\"Lora\", Sans-serif;font-size:18px;font-weight:400;color:#0D0D0D;}.elementor-17227 .elementor-element.elementor-element-6532f3c .elementor-heading-title{font-family:\"Lora\", Sans-serif;font-size:50px;font-weight:600;color:#343434;}.elementor-17227 .elementor-element.elementor-element-0f69218{font-family:\"Lora\", Sans-serif;font-size:18px;font-weight:400;color:#0D0D0D;}:root{--page-title-display:none;}@media(min-width:768px){.elementor-17227 .elementor-element.elementor-element-5eee6af{width:70%;}.elementor-17227 .elementor-element.elementor-element-a7b265b{width:30%;}}<\/style>\t\t<div data-elementor-type=\"wp-page\" data-elementor-id=\"17227\" class=\"elementor elementor-17227 elementor-17141\" data-elementor-post-type=\"page\">\n\t\t\t\t\t\t<section class=\"elementor-section elementor-top-section elementor-element elementor-element-d31cfbb elementor-section-boxed elementor-section-height-default elementor-section-height-default\" data-id=\"d31cfbb\" data-element_type=\"section\" data-e-type=\"section\">\n\t\t\t\t\t\t<div class=\"elementor-container elementor-column-gap-default\">\n\t\t\t\t\t<div class=\"elementor-column elementor-col-50 elementor-top-column elementor-element elementor-element-5eee6af\" data-id=\"5eee6af\" data-element_type=\"column\" data-e-type=\"column\">\n\t\t\t<div class=\"elementor-widget-wrap elementor-element-populated\">\n\t\t\t\t\t\t<div class=\"elementor-element elementor-element-f2983cf elementor-widget elementor-widget-heading\" data-id=\"f2983cf\" data-element_type=\"widget\" data-e-type=\"widget\" data-widget_type=\"heading.default\">\n\t\t\t\t<div class=\"elementor-widget-container\">\n\t\t\t\t\t<h2 class=\"elementor-heading-title elementor-size-default\">VIZIONI<\/h2>\t\t\t\t<\/div>\n\t\t\t\t<\/div>\n\t\t\t\t<div class=\"elementor-element elementor-element-8fdc144 elementor-widget elementor-widget-text-editor\" data-id=\"8fdc144\" data-element_type=\"widget\" data-e-type=\"widget\" data-widget_type=\"text-editor.default\">\n\t\t\t\t<div class=\"elementor-widget-container\">\n\t\t\t\t\t\t\t\t\t<p>CHwB Kosova synon nj\u00eb shoq\u00ebri n\u00eb t\u00eb cil\u00ebn trash\u00ebgimia kulturore njihet si nj\u00eb e mir\u00eb e p\u00ebrbashk\u00ebt publike dhe si nj\u00eb e drejt\u00eb themelore e njeriut, e qasshme p\u00ebr t\u00eb gjith\u00eb dhe q\u00eb kontribuon n\u00eb m\u00ebnyr\u00eb aktive n\u00eb paqe, kohezion social dhe zhvillim t\u00eb q\u00ebndruesh\u00ebm.<\/p><p>Ne besojm\u00eb se trash\u00ebgimia kulturore \u2014 materiale dhe jomateriale \u2014 \u00ebsht\u00eb m\u00eb shum\u00eb se nj\u00eb trash\u00ebgimi nga e kaluara; ajo \u00ebsht\u00eb nj\u00eb burim strategjik p\u00ebr nd\u00ebrtimin e shoq\u00ebrive gjith\u00ebp\u00ebrfshir\u00ebse dhe demokratike.<\/p><p>N\u00eb kontekstin kompleks pas-konflikt t\u00eb Kosov\u00ebs, trash\u00ebgimia ka potencialin t\u00eb nxis\u00eb dialog, mir\u00ebkuptim t\u00eb nd\u00ebrsjell\u00eb dhe pajtim nd\u00ebrmjet komuniteteve t\u00eb ndryshme.<\/p><p>Vizioni yn\u00eb \u00ebsht\u00eb q\u00eb trash\u00ebgimia kulturore t\u00eb integrohet plot\u00ebsisht n\u00eb kornizat e politikave publike dhe n\u00eb agjendat e zhvillimit n\u00eb nivel lokal dhe komb\u00ebtar. Monumentet historike, peizazhet kulturore dhe trash\u00ebgimia industriale nuk duhet t\u00eb margjinalizohen apo t\u00eb neglizhohen, por t\u00eb ruhen me p\u00ebrgjegj\u00ebsi dhe t\u00eb rip\u00ebrdoren n\u00eb m\u00ebnyr\u00eb adaptive p\u00ebr t\u00eb gjeneruar vler\u00eb shoq\u00ebrore dhe ekonomike.<\/p><p>Ne synojm\u00eb t\u00eb shohim institucione t\u00eb forta dhe llogaridh\u00ebn\u00ebse, t\u00eb afta p\u00ebr ta menaxhuar trash\u00ebgimin\u00eb p\u00ebrmes qeverisjes transparente, standardeve profesionale dhe planifikimit afatgjat\u00eb. Zhvillimi urban duhet ta respektoj\u00eb struktur\u00ebn historike t\u00eb qyteteve, nd\u00ebrsa zonat rurale dhe ato post-industriale duhet t\u00eb p\u00ebrfitojn\u00eb nga rigjenerimi i udh\u00ebhequr nga trash\u00ebgimia.<\/p><p>N\u00eb fund t\u00eb fundit, CHwB Kosova synon komunitete t\u00eb fuqizuara q\u00eb marrin pjes\u00eb aktivisht n\u00eb mbrojtjen dhe form\u00ebsimin e mjedisit t\u00eb tyre kulturor. Duke forcuar nd\u00ebrgjegj\u00ebsimin, aft\u00ebsit\u00eb dhe bashk\u00ebpunimin nd\u00ebrsektorial, trash\u00ebgimia kulturore mund t\u00eb b\u00ebhet nj\u00eb katalizator p\u00ebr q\u00ebndrueshm\u00ebri, inovacion dhe mir\u00ebqenie t\u00eb p\u00ebrbashk\u00ebt p\u00ebr brezat e sot\u00ebm dhe ata t\u00eb ardhsh\u00ebm.<\/p>\t\t\t\t\t\t\t\t<\/div>\n\t\t\t\t<\/div>\n\t\t\t\t<div class=\"elementor-element elementor-element-6532f3c elementor-widget elementor-widget-heading\" data-id=\"6532f3c\" data-element_type=\"widget\" data-e-type=\"widget\" data-widget_type=\"heading.default\">\n\t\t\t\t<div class=\"elementor-widget-container\">\n\t\t\t\t\t<h2 class=\"elementor-heading-title elementor-size-default\">MISIONI<\/h2>\t\t\t\t<\/div>\n\t\t\t\t<\/div>\n\t\t\t\t<div class=\"elementor-element elementor-element-0f69218 elementor-widget elementor-widget-text-editor\" data-id=\"0f69218\" data-element_type=\"widget\" data-e-type=\"widget\" data-widget_type=\"text-editor.default\">\n\t\t\t\t<div class=\"elementor-widget-container\">\n\t\t\t\t\t\t\t\t\t<p data-start=\"0\" data-end=\"196\">Misioni i CHwB Kosova\u00a0\u00ebsht\u00eb t\u00eb promovoj\u00eb, mbroj\u00eb dhe aktivizoj\u00eb trash\u00ebgimin\u00eb kulturore si nj\u00eb t\u00eb drejt\u00eb njer\u00ebzore dhe si nj\u00eb nxit\u00ebs i zhvillimit t\u00eb q\u00ebndruesh\u00ebm socio-ekonomik dhe demokratik.<\/p><p data-start=\"198\" data-end=\"545\">Ne punojm\u00eb n\u00eb kontekste ku trash\u00ebgimia kulturore rrezikohet nga paq\u00ebndrueshm\u00ebria politike, presionet ekonomike, neglizhenca ose k\u00ebrc\u00ebnimet mjedisore. P\u00ebrmes zhvillimit t\u00eb kapaciteteve, forcimit institucional dhe angazhimit t\u00eb komuniteteve, ne mb\u00ebshtesim menaxhimin efektiv, ruajtjen dhe rip\u00ebrdorimin adaptiv t\u00eb aseteve t\u00eb trash\u00ebgimis\u00eb kulturore.<\/p><p data-start=\"547\" data-end=\"854\">Qasja jon\u00eb kombinon nd\u00ebrhyrje praktike konservimi me avokim politik, k\u00ebrkime dhe trajnime profesionale. Ne bashk\u00ebpunojm\u00eb me institucione publike, organizata t\u00eb shoq\u00ebris\u00eb civile dhe komunitete lokale p\u00ebr t\u00eb p\u00ebrmir\u00ebsuar standardet e qeverisjes, transparenc\u00ebn dhe planifikimin afatgjat\u00eb n\u00eb sektorin kulturor.<\/p><p data-start=\"856\" data-end=\"1139\">Nd\u00ebrtimi i paqes \u00ebsht\u00eb thelb\u00ebsor p\u00ebr misionin ton\u00eb. Ne promovojm\u00eb praktika gjith\u00ebp\u00ebrfshir\u00ebse t\u00eb trash\u00ebgimis\u00eb q\u00eb nxisin dialog, bashk\u00ebpunim dhe pron\u00ebsi t\u00eb p\u00ebrbashk\u00ebt nd\u00ebrmjet komuniteteve t\u00eb ndryshme. P\u00ebrmes proceseve pjes\u00ebmarr\u00ebse, ne kontribuojm\u00eb n\u00eb kohezionin social dhe pajtimin.<\/p><p data-start=\"1141\" data-end=\"1474\">Ne gjithashtu mb\u00ebshtesim modele zhvillimi t\u00eb udh\u00ebhequr nga trash\u00ebgimia q\u00eb krijojn\u00eb mund\u00ebsi pun\u00ebsimi, stimulojn\u00eb turizmin kulturor dhe fuqizojn\u00eb ekonomit\u00eb lokale. Edukimi dhe zhvillimi profesional jan\u00eb komponent\u00eb ky\u00e7 t\u00eb pun\u00ebs son\u00eb, duke siguruar q\u00eb aft\u00ebsit\u00eb dhe njohurit\u00eb t\u00eb p\u00ebrgjigjen ndaj nevojave aktuale t\u00eb tregut dhe shoq\u00ebris\u00eb.<\/p><p data-start=\"1476\" data-end=\"1712\" data-is-last-node=\"\" data-is-only-node=\"\">Duke u udh\u00ebhequr nga parimet e barazis\u00eb, mosdiskriminimit, p\u00ebrgjegj\u00ebsis\u00eb dhe pjes\u00ebmarrjes, CHwB Kosova\u00a0punon p\u00ebr t\u00eb siguruar q\u00eb trash\u00ebgimia kulturore t\u00eb mbetet nj\u00eb burim i gjall\u00eb p\u00ebr paqe, q\u00ebndrueshm\u00ebri dhe rritje gjith\u00ebp\u00ebrfshir\u00ebse.<\/p>\t\t\t\t\t\t\t\t<\/div>\n\t\t\t\t<\/div>\n\t\t\t\t\t<\/div>\n\t\t<\/div>\n\t\t\t\t<div class=\"elementor-column elementor-col-50 elementor-top-column elementor-element elementor-element-a7b265b\" data-id=\"a7b265b\" data-element_type=\"column\" data-e-type=\"column\">\n\t\t\t<div class=\"elementor-widget-wrap\">\n\t\t\t\t\t\t\t<\/div>\n\t\t<\/div>\n\t\t\t\t\t<\/div>\n\t\t<\/section>\n\t\t\t\t<\/div>\n\t\t","protected":false},"excerpt":{"rendered":"<p>VIZIONI CHwB Kosova synon nj\u00eb shoq\u00ebri n\u00eb t\u00eb cil\u00ebn trash\u00ebgimia kulturore njihet si nj\u00eb e mir\u00eb e p\u00ebrbashk\u00ebt publike dhe si nj\u00eb e drejt\u00eb themelore e njeriut, e qasshme p\u00ebr t\u00eb gjith\u00eb dhe q\u00eb kontribuon n\u00eb m\u00ebnyr\u00eb aktive n\u00eb paqe, kohezion social dhe zhvillim t\u00eb q\u00ebndruesh\u00ebm. Ne besojm\u00eb se trash\u00ebgimia kulturore \u2014 materiale dhe jomateriale [&hellip;]<\/p>\n","protected":false},"author":6,"featured_media":0,"parent":0,"menu_order":0,"comment_status":"closed","ping_status":"closed","template":"","meta":{"_acf_changed":false,"footnotes":""},"class_list":["post-17227","page","type-page","status-publish","hentry"],"acf":[],"_links":{"self":[{"href":"https:\/\/chwbkosova.org\/sq\/wp-json\/wp\/v2\/pages\/17227","targetHints":{"allow":["GET"]}}],"collection":[{"href":"https:\/\/chwbkosova.org\/sq\/wp-json\/wp\/v2\/pages"}],"about":[{"href":"https:\/\/chwbkosova.org\/sq\/wp-json\/wp\/v2\/types\/page"}],"author":[{"embeddable":true,"href":"https:\/\/chwbkosova.org\/sq\/wp-json\/wp\/v2\/users\/6"}],"replies":[{"embeddable":true,"href":"https:\/\/chwbkosova.org\/sq\/wp-json\/wp\/v2\/comments?post=17227"}],"version-history":[{"count":19,"href":"https:\/\/chwbkosova.org\/sq\/wp-json\/wp\/v2\/pages\/17227\/revisions"}],"predecessor-version":[{"id":17386,"href":"https:\/\/chwbkosova.org\/sq\/wp-json\/wp\/v2\/pages\/17227\/revisions\/17386"}],"wp:attachment":[{"href":"https:\/\/chwbkosova.org\/sq\/wp-json\/wp\/v2\/media?parent=17227"}],"curies":[{"name":"wp","href":"https:\/\/api.w.org\/{rel}","templated":true}]}}